{"id":8676,"date":"2023-10-18T10:08:20","date_gmt":"2023-10-18T07:08:20","guid":{"rendered":"https:\/\/www.mediterrolio.com\/?page_id=8676"},"modified":"2023-12-15T11:37:43","modified_gmt":"2023-12-15T09:37:43","slug":"fortified-wine","status":"publish","type":"page","link":"https:\/\/www.mediterrolio.com\/it\/fortified-wine\/","title":{"rendered":"Vino Liquoroso"},"content":{"rendered":"<div data-elementor-type=\"wp-page\" data-elementor-id=\"8676\" class=\"elementor elementor-8676\" data-elementor-post-type=\"page\">\n\t\t\t\t\t\t<section class=\"elementor-section elementor-top-section elementor-element elementor-element-cdb87a5 elementor-section-boxed elementor-section-height-default elementor-section-height-default\" data-id=\"cdb87a5\" data-element_type=\"section\" data-e-type=\"section\">\n\t\t\t\t\t\t<div class=\"elementor-container elementor-column-gap-default\">\n\t\t\t\t\t<div class=\"elementor-column elementor-col-100 elementor-top-column elementor-element elementor-element-eb172b4\" data-id=\"eb172b4\" data-element_type=\"column\" data-e-type=\"column\">\n\t\t\t<div class=\"elementor-widget-wrap elementor-element-populated\">\n\t\t\t\t\t\t<div class=\"elementor-element elementor-element-bead193 elementor-widget elementor-widget-image\" data-id=\"bead193\" data-element_type=\"widget\" data-e-type=\"widget\" data-widget_type=\"image.default\">\n\t\t\t\t<div class=\"elementor-widget-container\">\n\t\t\t\t\t\t\t\t\t\t\t\t\t\t\t\t<a href=\"https:\/\/www.mediterrolio.com\/it\/elegant-tastes\/\">\n\t\t\t\t\t\t\t<img fetchpriority=\"high\" decoding=\"async\" width=\"1024\" height=\"160\" src=\"https:\/\/www.mediterrolio.com\/wp-content\/uploads\/2023\/10\/elegant-tastes-1024x160.jpg\" class=\"attachment-large size-large wp-image-8359\" alt=\"\" srcset=\"https:\/\/www.mediterrolio.com\/wp-content\/uploads\/2023\/10\/elegant-tastes-1024x160.jpg 1024w, https:\/\/www.mediterrolio.com\/wp-content\/uploads\/2023\/10\/elegant-tastes-600x94.jpg 600w, https:\/\/www.mediterrolio.com\/wp-content\/uploads\/2023\/10\/elegant-tastes-300x47.jpg 300w, https:\/\/www.mediterrolio.com\/wp-content\/uploads\/2023\/10\/elegant-tastes-768x120.jpg 768w, https:\/\/www.mediterrolio.com\/wp-content\/uploads\/2023\/10\/elegant-tastes-1536x240.jpg 1536w, https:\/\/www.mediterrolio.com\/wp-content\/uploads\/2023\/10\/elegant-tastes.jpg 1920w\" sizes=\"(max-width: 1024px) 100vw, 1024px\" \/>\t\t\t\t\t\t\t\t<\/a>\n\t\t\t\t\t\t\t\t\t\t\t\t\t\t\t<\/div>\n\t\t\t\t<\/div>\n\t\t\t\t\t<\/div>\n\t\t<\/div>\n\t\t\t\t\t<\/div>\n\t\t<\/section>\n\t\t\t\t<section class=\"elementor-section elementor-top-section elementor-element elementor-element-20bfad7 elementor-section-boxed elementor-section-height-default elementor-section-height-default\" data-id=\"20bfad7\" data-element_type=\"section\" data-e-type=\"section\">\n\t\t\t\t\t\t<div class=\"elementor-container elementor-column-gap-default\">\n\t\t\t\t\t<div class=\"elementor-column elementor-col-100 elementor-top-column elementor-element elementor-element-dbf2385\" data-id=\"dbf2385\" data-element_type=\"column\" data-e-type=\"column\">\n\t\t\t<div class=\"elementor-widget-wrap elementor-element-populated\">\n\t\t\t\t\t\t<div class=\"elementor-element elementor-element-96fea2d elementor-position-top elementor-widget elementor-widget-image-box\" data-id=\"96fea2d\" data-element_type=\"widget\" data-e-type=\"widget\" data-widget_type=\"image-box.default\">\n\t\t\t\t<div class=\"elementor-widget-container\">\n\t\t\t\t\t<div class=\"elementor-image-box-wrapper\"><figure class=\"elementor-image-box-img\"><img decoding=\"async\" width=\"1024\" height=\"1024\" src=\"https:\/\/www.mediterrolio.com\/wp-content\/uploads\/2023\/10\/fortified-wine-1.jpg\" class=\"attachment-large size-large wp-image-8710\" alt=\"\" srcset=\"https:\/\/www.mediterrolio.com\/wp-content\/uploads\/2023\/10\/fortified-wine-1.jpg 1024w, https:\/\/www.mediterrolio.com\/wp-content\/uploads\/2023\/10\/fortified-wine-1-500x500.jpg 500w, https:\/\/www.mediterrolio.com\/wp-content\/uploads\/2023\/10\/fortified-wine-1-100x100.jpg 100w, https:\/\/www.mediterrolio.com\/wp-content\/uploads\/2023\/10\/fortified-wine-1-600x600.jpg 600w, https:\/\/www.mediterrolio.com\/wp-content\/uploads\/2023\/10\/fortified-wine-1-300x300.jpg 300w, https:\/\/www.mediterrolio.com\/wp-content\/uploads\/2023\/10\/fortified-wine-1-150x150.jpg 150w, https:\/\/www.mediterrolio.com\/wp-content\/uploads\/2023\/10\/fortified-wine-1-768x768.jpg 768w\" sizes=\"(max-width: 1024px) 100vw, 1024px\" \/><\/figure><div class=\"elementor-image-box-content\"><h3 class=\"elementor-image-box-title\">Vino Liquoroso<\/h3><p class=\"elementor-image-box-description\">Il vino fortificato \u00e8 un tipo di vino a cui \u00e8 stato aggiunto uno spirito distillato, come il brandy. Questo processo aumenta la gradazione alcolica del vino, solitamente tra il 16 e il 22%, che \u00e8 molto pi\u00f9 alta rispetto ai normali vini da tavola, che di solito variano tra il 12 e il 14%. I vini fortificati esistono da secoli e sono stati a lungo i preferiti dei viticoltori e dei bevitori di vino.<br><br>\n\nI vini fortificati sono prodotti in una variet\u00e0 di stili, dal secco al dolce. I tipi pi\u00f9 comuni di vini fortificati sono il porto, lo sherry e il Madeira. Il Porto \u00e8 un vino rosso corposo e dolce che viene solitamente gustato dopo cena. Lo sherry \u00e8 prodotto in stile secco o dolce ed \u00e8 un ottimo accompagnamento alla cucina spagnola e mediterranea. Il Madeira \u00e8 un vino dolce e fortificato che ha un sapore di nocciola unico ed \u00e8 spesso usato per preparare cocktail.<br><br>\n\nI vini fortificati possono essere serviti come aperitivo o digestivo o anche gustati da soli. Sono spesso utilizzati anche in cucina per insaporire le ricette. L&#039;alto contenuto alcolico dei vini fortificati aiuta a preservare il vino, permettendogli di durare pi\u00f9 a lungo rispetto ai normali vini da tavola.<br><br>\n\nPer coloro che desiderano provare qualcosa di unico, i vini fortificati sono un&#039;ottima opzione. Sebbene possano essere un po&#039; difficili da trovare in alcuni luoghi, possono essere un&#039;ottima aggiunta a qualsiasi collezione di vini. Che tu stia cercando un aperitivo, un digestivo o qualcosa da abbinare alla cena, i vini liquorosi sono una scelta eccellente.<\/p><\/div><\/div>\t\t\t\t<\/div>\n\t\t\t\t<\/div>\n\t\t\t\t\t<\/div>\n\t\t<\/div>\n\t\t\t\t\t<\/div>\n\t\t<\/section>\n\t\t\t\t<section class=\"elementor-section elementor-top-section elementor-element elementor-element-8091b98 elementor-section-boxed elementor-section-height-default elementor-section-height-default\" data-id=\"8091b98\" data-element_type=\"section\" data-e-type=\"section\">\n\t\t\t\t\t\t<div class=\"elementor-container elementor-column-gap-default\">\n\t\t\t\t\t<div class=\"elementor-column elementor-col-100 elementor-top-column elementor-element elementor-element-0eaab2f\" data-id=\"0eaab2f\" data-element_type=\"column\" data-e-type=\"column\">\n\t\t\t<div class=\"elementor-widget-wrap elementor-element-populated\">\n\t\t\t\t\t\t<div class=\"elementor-element elementor-element-dfe6b8a elementor-widget elementor-widget-heading\" data-id=\"dfe6b8a\" data-element_type=\"widget\" data-e-type=\"widget\" data-widget_type=\"heading.default\">\n\t\t\t\t<div class=\"elementor-widget-container\">\n\t\t\t\t\t<h2 class=\"elementor-heading-title elementor-size-xl\">Scelte eleganti per il vino fortificato<\/h2>\t\t\t\t<\/div>\n\t\t\t\t<\/div>\n\t\t\t\t\t<\/div>\n\t\t<\/div>\n\t\t\t\t\t<\/div>\n\t\t<\/section>\n\t\t\t\t<section class=\"elementor-section elementor-top-section elementor-element elementor-element-13b5c6a elementor-section-boxed elementor-section-height-default elementor-section-height-default\" data-id=\"13b5c6a\" data-element_type=\"section\" data-e-type=\"section\">\n\t\t\t\t\t\t<div class=\"elementor-container elementor-column-gap-default\">\n\t\t\t\t\t<div class=\"elementor-column elementor-col-25 elementor-top-column elementor-element elementor-element-bbe1905\" data-id=\"bbe1905\" data-element_type=\"column\" data-e-type=\"column\">\n\t\t\t<div class=\"elementor-widget-wrap elementor-element-populated\">\n\t\t\t\t\t\t<div class=\"elementor-element elementor-element-70095db elementor-widget elementor-widget-html\" data-id=\"70095db\" data-element_type=\"widget\" data-e-type=\"widget\" data-widget_type=\"html.default\">\n\t\t\t\t<div class=\"elementor-widget-container\">\n\t\t\t\t\t<a target=\"_blank\" href=\"https:\/\/click.linksynergy.com\/link?id=gNJL3xCUKQE&offerid=753710.453989242962242610817198&bids=753710.453989242962242610817198&bids=753710.453989242962242610817198&type=2&murl=https%3a%2f%2fwww.clos19.com%2fen-gb%2fchandon-garden-spritz-magnum-1093703.html&\" ><img border=\"0\" src=\"https:\/\/www.clos19.com\/on\/demandware.static\/-\/Sites-mh-master\/default\/dw32054925\/images\/large\/chandon\/packshots\/CHANDON-SPARKLING-WINE-GARDEN-SPRITZ-150CL-1093703-0.jpg\"><\/a><img border=\"0\" width=\"1\" height=\"1\" src=\"https:\/\/ad.linksynergy.com\/fs-bin\/show?id=gNJL3xCUKQE&offerid=753710.453989242962242610817198&bids=753710.453989242962242610817198&type=2&subid=0\">\t\t\t\t<\/div>\n\t\t\t\t<\/div>\n\t\t\t\t\t<\/div>\n\t\t<\/div>\n\t\t\t\t<div class=\"elementor-column elementor-col-25 elementor-top-column elementor-element elementor-element-f48eaa7\" data-id=\"f48eaa7\" data-element_type=\"column\" data-e-type=\"column\">\n\t\t\t<div class=\"elementor-widget-wrap elementor-element-populated\">\n\t\t\t\t\t\t<div class=\"elementor-element elementor-element-72ee51e elementor-widget elementor-widget-html\" data-id=\"72ee51e\" data-element_type=\"widget\" data-e-type=\"widget\" data-widget_type=\"html.default\">\n\t\t\t\t<div class=\"elementor-widget-container\">\n\t\t\t\t\t<a target=\"_blank\" href=\"https:\/\/click.linksynergy.com\/link?id=gNJL3xCUKQE&offerid=753710.4539817927193109232647514&bids=753710.4539817927193109232647514&bids=753710.4539817927193109232647514&type=2&murl=https%3a%2f%2fwww.clos19.com%2fen-gb%2fmoet-chandon-rose-imperial-limited-edition-gift-box-end-of-year-2022-1097445.html&\" ><img border=\"0\" src=\"https:\/\/www.clos19.com\/on\/demandware.static\/-\/Sites-mh-master\/default\/dw49aefa7c\/images\/large\/moet_chandon\/packshots\/MOET-CHANDON-ROSE-IMPERIAL-LIMITED-EDITION-GIFT-BOX-END-OF-YEAR-2022-XXX-0.jpg\"><\/a><img border=\"0\" width=\"1\" height=\"1\" src=\"https:\/\/ad.linksynergy.com\/fs-bin\/show?id=gNJL3xCUKQE&offerid=753710.4539817927193109232647514&bids=753710.4539817927193109232647514&type=2&subid=0\">\t\t\t\t<\/div>\n\t\t\t\t<\/div>\n\t\t\t\t\t<\/div>\n\t\t<\/div>\n\t\t\t\t<div class=\"elementor-column elementor-col-25 elementor-top-column elementor-element elementor-element-0e537b1\" data-id=\"0e537b1\" data-element_type=\"column\" data-e-type=\"column\">\n\t\t\t<div class=\"elementor-widget-wrap elementor-element-populated\">\n\t\t\t\t\t\t<div class=\"elementor-element elementor-element-5157f45 elementor-widget elementor-widget-html\" data-id=\"5157f45\" data-element_type=\"widget\" data-e-type=\"widget\" data-widget_type=\"html.default\">\n\t\t\t\t<div class=\"elementor-widget-container\">\n\t\t\t\t\t<a target=\"_blank\" href=\"https:\/\/click.linksynergy.com\/link?id=gNJL3xCUKQE&offerid=753710.4539816944028321960072443&bids=753710.4539816944028321960072443&bids=753710.4539816944028321960072443&type=2&murl=https%3a%2f%2fwww.clos19.com%2fen-gb%2fmoet-chandon-wedding-package-15-guests-C19U267.html&\" ><img border=\"0\" src=\"https:\/\/www.clos19.com\/on\/demandware.static\/-\/Sites-mh-master\/default\/dwdb572c2d\/images\/large\/moet_chandon\/packshots\/MOET-CHANDON-CHAMPAGNE-WEDDING-PACKAGE-12-BOTTLES-75C-C19B267_1%20%281%29.jpg\"><\/a><img border=\"0\" width=\"1\" height=\"1\" src=\"https:\/\/ad.linksynergy.com\/fs-bin\/show?id=gNJL3xCUKQE&offerid=753710.4539816944028321960072443&bids=753710.4539816944028321960072443&type=2&subid=0\">\t\t\t\t<\/div>\n\t\t\t\t<\/div>\n\t\t\t\t\t<\/div>\n\t\t<\/div>\n\t\t\t\t<div class=\"elementor-column elementor-col-25 elementor-top-column elementor-element elementor-element-68e8ca6\" data-id=\"68e8ca6\" data-element_type=\"column\" data-e-type=\"column\">\n\t\t\t<div class=\"elementor-widget-wrap elementor-element-populated\">\n\t\t\t\t\t\t<div class=\"elementor-element elementor-element-f7524d9 elementor-widget elementor-widget-html\" data-id=\"f7524d9\" data-element_type=\"widget\" data-e-type=\"widget\" data-widget_type=\"html.default\">\n\t\t\t\t<div class=\"elementor-widget-container\">\n\t\t\t\t\t<a target=\"_blank\" href=\"https:\/\/click.linksynergy.com\/link?id=gNJL3xCUKQE&offerid=753710.453986506529334703018572&bids=753710.453986506529334703018572&bids=753710.453986506529334703018572&type=2&murl=https%3a%2f%2fwww.clos19.com%2fen-gb%2fcloudy-bay-pelorus-bottle-1094131.html&\" ><img border=\"0\" src=\"https:\/\/www.clos19.com\/on\/demandware.static\/-\/Sites-mh-master\/default\/dw92bd19c0\/images\/large\/cloudy_bay\/packshots\/CLOUDY-BAY-SPARKLING-WINE-PELORUS-75CL-100161_0.jpg\"><\/a><img border=\"0\" width=\"1\" height=\"1\" src=\"https:\/\/ad.linksynergy.com\/fs-bin\/show?id=gNJL3xCUKQE&offerid=753710.453986506529334703018572&bids=753710.453986506529334703018572&type=2&subid=0\">\t\t\t\t<\/div>\n\t\t\t\t<\/div>\n\t\t\t\t\t<\/div>\n\t\t<\/div>\n\t\t\t\t\t<\/div>\n\t\t<\/section>\n\t\t\t\t<section class=\"elementor-section elementor-top-section elementor-element elementor-element-3d08bad elementor-section-boxed elementor-section-height-default elementor-section-height-default\" data-id=\"3d08bad\" data-element_type=\"section\" data-e-type=\"section\">\n\t\t\t\t\t\t<div class=\"elementor-container elementor-column-gap-default\">\n\t\t\t\t\t<div class=\"elementor-column elementor-col-100 elementor-top-column elementor-element elementor-element-1b9103e\" data-id=\"1b9103e\" data-element_type=\"column\" data-e-type=\"column\">\n\t\t\t<div class=\"elementor-widget-wrap elementor-element-populated\">\n\t\t\t\t\t\t<div class=\"elementor-element elementor-element-b4b8c72 elementor-align-center elementor-widget elementor-widget-button\" data-id=\"b4b8c72\" data-element_type=\"widget\" data-e-type=\"widget\" data-widget_type=\"button.default\">\n\t\t\t\t<div class=\"elementor-widget-container\">\n\t\t\t\t\t\t\t\t\t<div class=\"elementor-button-wrapper\">\n\t\t\t\t\t<a class=\"elementor-button elementor-button-link elementor-size-xl\" href=\"https:\/\/www.mediterrolio.com\/it\/categoria-prodotto\/wine\/\">\n\t\t\t\t\t\t<span class=\"elementor-button-content-wrapper\">\n\t\t\t\t\t\t\t\t\t<span class=\"elementor-button-text\">Visita il nostro Eshop per saperne di pi\u00f9<\/span>\n\t\t\t\t\t<\/span>\n\t\t\t\t\t<\/a>\n\t\t\t\t<\/div>\n\t\t\t\t\t\t\t\t<\/div>\n\t\t\t\t<\/div>\n\t\t\t\t\t<\/div>\n\t\t<\/div>\n\t\t\t\t\t<\/div>\n\t\t<\/section>\n\t\t\t\t<section class=\"elementor-section elementor-top-section elementor-element elementor-element-a718f61 elementor-section-boxed elementor-section-height-default elementor-section-height-default\" data-id=\"a718f61\" data-element_type=\"section\" data-e-type=\"section\">\n\t\t\t\t\t\t<div class=\"elementor-container elementor-column-gap-default\">\n\t\t\t\t\t<div class=\"elementor-column elementor-col-100 elementor-top-column elementor-element elementor-element-61203ca\" data-id=\"61203ca\" data-element_type=\"column\" data-e-type=\"column\">\n\t\t\t<div class=\"elementor-widget-wrap elementor-element-populated\">\n\t\t\t\t\t\t<div class=\"elementor-element elementor-element-1c2e43b elementor-align-center elementor-widget elementor-widget-button\" data-id=\"1c2e43b\" data-element_type=\"widget\" data-e-type=\"widget\" data-widget_type=\"button.default\">\n\t\t\t\t<div class=\"elementor-widget-container\">\n\t\t\t\t\t\t\t\t\t<div class=\"elementor-button-wrapper\">\n\t\t\t\t\t<a class=\"elementor-button elementor-button-link elementor-size-xl\" href=\"https:\/\/www.mediterrolio.com\/it\/elegant-tastes\/\">\n\t\t\t\t\t\t<span class=\"elementor-button-content-wrapper\">\n\t\t\t\t\t\t\t\t\t<span class=\"elementor-button-text\">Torna alla homepage di Elegant Tastes<\/span>\n\t\t\t\t\t<\/span>\n\t\t\t\t\t<\/a>\n\t\t\t\t<\/div>\n\t\t\t\t\t\t\t\t<\/div>\n\t\t\t\t<\/div>\n\t\t\t\t\t<\/div>\n\t\t<\/div>\n\t\t\t\t\t<\/div>\n\t\t<\/section>\n\t\t\t\t<\/div>","protected":false},"excerpt":{"rendered":"<p>Fortified Wine Fortified wine is a type of wine that has had a distilled spirit, such as brandy, added to it. This process increases the alcohol content of the wine, usually to between 16 and 22 percent, which is much higher than regular table wines, which usually range between 12 and 14 percent. Fortified wines [&hellip;]<\/p>\n","protected":false},"author":6,"featured_media":0,"parent":0,"menu_order":0,"comment_status":"closed","ping_status":"closed","template":"","meta":{"footnotes":""},"class_list":["post-8676","page","type-page","status-publish","hentry"],"yoast_head":"<!-- This site is optimized with the Yoast SEO plugin v27.4 - https:\/\/yoast.com\/product\/yoast-seo-wordpress\/ -->\n<title>Fortified Wine - Mediterrolio<\/title>\n<meta name=\"robots\" content=\"index, follow, max-snippet:-1, max-image-preview:large, max-video-preview:-1\" \/>\n<link rel=\"canonical\" href=\"https:\/\/www.mediterrolio.com\/it\/fortified-wine\/\" \/>\n<meta property=\"og:locale\" content=\"it_IT\" \/>\n<meta property=\"og:type\" content=\"article\" \/>\n<meta property=\"og:title\" content=\"Fortified Wine - Mediterrolio\" \/>\n<meta property=\"og:description\" content=\"Fortified Wine Fortified wine is a type of wine that has had a distilled spirit, such as brandy, added to it. This process increases the alcohol content of the wine, usually to between 16 and 22 percent, which is much higher than regular table wines, which usually range between 12 and 14 percent. Fortified wines [&hellip;]\" \/>\n<meta property=\"og:url\" content=\"https:\/\/www.mediterrolio.com\/it\/fortified-wine\/\" \/>\n<meta property=\"og:site_name\" content=\"Mediterrolio\" \/>\n<meta property=\"article:modified_time\" content=\"2023-12-15T09:37:43+00:00\" \/>\n<meta property=\"og:image\" content=\"https:\/\/www.mediterrolio.com\/wp-content\/uploads\/2023\/10\/elegant-tastes-1024x160.jpg\" \/>\n<meta name=\"twitter:card\" content=\"summary_large_image\" \/>\n<meta name=\"twitter:label1\" content=\"Tempo di lettura stimato\" \/>\n\t<meta name=\"twitter:data1\" content=\"4 minuti\" \/>\n<script type=\"application\/ld+json\" class=\"yoast-schema-graph\">{\"@context\":\"https:\\\/\\\/schema.org\",\"@graph\":[{\"@type\":\"WebPage\",\"@id\":\"https:\\\/\\\/www.mediterrolio.com\\\/fortified-wine\\\/\",\"url\":\"https:\\\/\\\/www.mediterrolio.com\\\/fortified-wine\\\/\",\"name\":\"Fortified Wine - Mediterrolio\",\"isPartOf\":{\"@id\":\"https:\\\/\\\/www.mediterrolio.com\\\/#website\"},\"primaryImageOfPage\":{\"@id\":\"https:\\\/\\\/www.mediterrolio.com\\\/fortified-wine\\\/#primaryimage\"},\"image\":{\"@id\":\"https:\\\/\\\/www.mediterrolio.com\\\/fortified-wine\\\/#primaryimage\"},\"thumbnailUrl\":\"https:\\\/\\\/www.mediterrolio.com\\\/wp-content\\\/uploads\\\/2023\\\/10\\\/elegant-tastes-1024x160.jpg\",\"datePublished\":\"2023-10-18T07:08:20+00:00\",\"dateModified\":\"2023-12-15T09:37:43+00:00\",\"breadcrumb\":{\"@id\":\"https:\\\/\\\/www.mediterrolio.com\\\/fortified-wine\\\/#breadcrumb\"},\"inLanguage\":\"it-IT\",\"potentialAction\":[{\"@type\":\"ReadAction\",\"target\":[\"https:\\\/\\\/www.mediterrolio.com\\\/fortified-wine\\\/\"]}]},{\"@type\":\"ImageObject\",\"inLanguage\":\"it-IT\",\"@id\":\"https:\\\/\\\/www.mediterrolio.com\\\/fortified-wine\\\/#primaryimage\",\"url\":\"https:\\\/\\\/www.mediterrolio.com\\\/wp-content\\\/uploads\\\/2023\\\/10\\\/elegant-tastes-1024x160.jpg\",\"contentUrl\":\"https:\\\/\\\/www.mediterrolio.com\\\/wp-content\\\/uploads\\\/2023\\\/10\\\/elegant-tastes-1024x160.jpg\"},{\"@type\":\"BreadcrumbList\",\"@id\":\"https:\\\/\\\/www.mediterrolio.com\\\/fortified-wine\\\/#breadcrumb\",\"itemListElement\":[{\"@type\":\"ListItem\",\"position\":1,\"name\":\"Home\",\"item\":\"https:\\\/\\\/www.mediterrolio.com\\\/\"},{\"@type\":\"ListItem\",\"position\":2,\"name\":\"Fortified Wine\"}]},{\"@type\":\"WebSite\",\"@id\":\"https:\\\/\\\/www.mediterrolio.com\\\/#website\",\"url\":\"https:\\\/\\\/www.mediterrolio.com\\\/\",\"name\":\"Mediterrolio\",\"description\":\"Olive Oil Brands Network\",\"potentialAction\":[{\"@type\":\"SearchAction\",\"target\":{\"@type\":\"EntryPoint\",\"urlTemplate\":\"https:\\\/\\\/www.mediterrolio.com\\\/?s={search_term_string}\"},\"query-input\":{\"@type\":\"PropertyValueSpecification\",\"valueRequired\":true,\"valueName\":\"search_term_string\"}}],\"inLanguage\":\"it-IT\"}]}<\/script>\n<!-- \/ Yoast SEO plugin. -->","yoast_head_json":{"title":"Fortified Wine - Mediterrolio","robots":{"index":"index","follow":"follow","max-snippet":"max-snippet:-1","max-image-preview":"max-image-preview:large","max-video-preview":"max-video-preview:-1"},"canonical":"https:\/\/www.mediterrolio.com\/it\/fortified-wine\/","og_locale":"it_IT","og_type":"article","og_title":"Fortified Wine - Mediterrolio","og_description":"Fortified Wine Fortified wine is a type of wine that has had a distilled spirit, such as brandy, added to it. This process increases the alcohol content of the wine, usually to between 16 and 22 percent, which is much higher than regular table wines, which usually range between 12 and 14 percent. Fortified wines [&hellip;]","og_url":"https:\/\/www.mediterrolio.com\/it\/fortified-wine\/","og_site_name":"Mediterrolio","article_modified_time":"2023-12-15T09:37:43+00:00","og_image":[{"url":"https:\/\/www.mediterrolio.com\/wp-content\/uploads\/2023\/10\/elegant-tastes-1024x160.jpg","type":"","width":"","height":""}],"twitter_card":"summary_large_image","twitter_misc":{"Tempo di lettura stimato":"4 minuti"},"schema":{"@context":"https:\/\/schema.org","@graph":[{"@type":"WebPage","@id":"https:\/\/www.mediterrolio.com\/fortified-wine\/","url":"https:\/\/www.mediterrolio.com\/fortified-wine\/","name":"Fortified Wine - Mediterrolio","isPartOf":{"@id":"https:\/\/www.mediterrolio.com\/#website"},"primaryImageOfPage":{"@id":"https:\/\/www.mediterrolio.com\/fortified-wine\/#primaryimage"},"image":{"@id":"https:\/\/www.mediterrolio.com\/fortified-wine\/#primaryimage"},"thumbnailUrl":"https:\/\/www.mediterrolio.com\/wp-content\/uploads\/2023\/10\/elegant-tastes-1024x160.jpg","datePublished":"2023-10-18T07:08:20+00:00","dateModified":"2023-12-15T09:37:43+00:00","breadcrumb":{"@id":"https:\/\/www.mediterrolio.com\/fortified-wine\/#breadcrumb"},"inLanguage":"it-IT","potentialAction":[{"@type":"ReadAction","target":["https:\/\/www.mediterrolio.com\/fortified-wine\/"]}]},{"@type":"ImageObject","inLanguage":"it-IT","@id":"https:\/\/www.mediterrolio.com\/fortified-wine\/#primaryimage","url":"https:\/\/www.mediterrolio.com\/wp-content\/uploads\/2023\/10\/elegant-tastes-1024x160.jpg","contentUrl":"https:\/\/www.mediterrolio.com\/wp-content\/uploads\/2023\/10\/elegant-tastes-1024x160.jpg"},{"@type":"BreadcrumbList","@id":"https:\/\/www.mediterrolio.com\/fortified-wine\/#breadcrumb","itemListElement":[{"@type":"ListItem","position":1,"name":"Home","item":"https:\/\/www.mediterrolio.com\/"},{"@type":"ListItem","position":2,"name":"Fortified Wine"}]},{"@type":"WebSite","@id":"https:\/\/www.mediterrolio.com\/#website","url":"https:\/\/www.mediterrolio.com\/","name":"Mediterrolio","description":"Rete dei marchi di olio d&#039;oliva","potentialAction":[{"@type":"SearchAction","target":{"@type":"EntryPoint","urlTemplate":"https:\/\/www.mediterrolio.com\/?s={search_term_string}"},"query-input":{"@type":"PropertyValueSpecification","valueRequired":true,"valueName":"search_term_string"}}],"inLanguage":"it-IT"}]}},"acf":[],"_links":{"self":[{"href":"https:\/\/www.mediterrolio.com\/it\/wp-json\/wp\/v2\/pages\/8676","targetHints":{"allow":["GET"]}}],"collection":[{"href":"https:\/\/www.mediterrolio.com\/it\/wp-json\/wp\/v2\/pages"}],"about":[{"href":"https:\/\/www.mediterrolio.com\/it\/wp-json\/wp\/v2\/types\/page"}],"author":[{"embeddable":true,"href":"https:\/\/www.mediterrolio.com\/it\/wp-json\/wp\/v2\/users\/6"}],"replies":[{"embeddable":true,"href":"https:\/\/www.mediterrolio.com\/it\/wp-json\/wp\/v2\/comments?post=8676"}],"version-history":[{"count":0,"href":"https:\/\/www.mediterrolio.com\/it\/wp-json\/wp\/v2\/pages\/8676\/revisions"}],"wp:attachment":[{"href":"https:\/\/www.mediterrolio.com\/it\/wp-json\/wp\/v2\/media?parent=8676"}],"curies":[{"name":"wp","href":"https:\/\/api.w.org\/{rel}","templated":true}]}}