{"id":8602,"date":"2023-10-17T11:11:58","date_gmt":"2023-10-17T08:11:58","guid":{"rendered":"https:\/\/www.mediterrolio.com\/?page_id=8602"},"modified":"2023-10-17T11:14:26","modified_gmt":"2023-10-17T08:14:26","slug":"honey","status":"publish","type":"page","link":"https:\/\/www.mediterrolio.com\/it\/honey\/","title":{"rendered":"Miele"},"content":{"rendered":"<div data-elementor-type=\"wp-page\" data-elementor-id=\"8602\" class=\"elementor elementor-8602\" data-elementor-post-type=\"page\">\n\t\t\t\t\t\t<section class=\"elementor-section elementor-top-section elementor-element elementor-element-c13c170 elementor-section-boxed elementor-section-height-default elementor-section-height-default\" data-id=\"c13c170\" data-element_type=\"section\" data-e-type=\"section\">\n\t\t\t\t\t\t<div class=\"elementor-container elementor-column-gap-default\">\n\t\t\t\t\t<div class=\"elementor-column elementor-col-100 elementor-top-column elementor-element elementor-element-aa6464b\" data-id=\"aa6464b\" data-element_type=\"column\" data-e-type=\"column\">\n\t\t\t<div class=\"elementor-widget-wrap elementor-element-populated\">\n\t\t\t\t\t\t<div class=\"elementor-element elementor-element-4ba6584 elementor-widget elementor-widget-image\" data-id=\"4ba6584\" data-element_type=\"widget\" data-e-type=\"widget\" data-widget_type=\"image.default\">\n\t\t\t\t<div class=\"elementor-widget-container\">\n\t\t\t\t\t\t\t\t\t\t\t\t\t\t\t\t<a href=\"https:\/\/www.mediterrolio.com\/it\/elegant-tastes\/\">\n\t\t\t\t\t\t\t<img fetchpriority=\"high\" decoding=\"async\" width=\"1024\" height=\"160\" src=\"https:\/\/www.mediterrolio.com\/wp-content\/uploads\/2023\/10\/elegant-tastes-1024x160.jpg\" class=\"attachment-large size-large wp-image-8359\" alt=\"\" srcset=\"https:\/\/www.mediterrolio.com\/wp-content\/uploads\/2023\/10\/elegant-tastes-1024x160.jpg 1024w, https:\/\/www.mediterrolio.com\/wp-content\/uploads\/2023\/10\/elegant-tastes-600x94.jpg 600w, https:\/\/www.mediterrolio.com\/wp-content\/uploads\/2023\/10\/elegant-tastes-300x47.jpg 300w, https:\/\/www.mediterrolio.com\/wp-content\/uploads\/2023\/10\/elegant-tastes-768x120.jpg 768w, https:\/\/www.mediterrolio.com\/wp-content\/uploads\/2023\/10\/elegant-tastes-1536x240.jpg 1536w, https:\/\/www.mediterrolio.com\/wp-content\/uploads\/2023\/10\/elegant-tastes.jpg 1920w\" sizes=\"(max-width: 1024px) 100vw, 1024px\" \/>\t\t\t\t\t\t\t\t<\/a>\n\t\t\t\t\t\t\t\t\t\t\t\t\t\t\t<\/div>\n\t\t\t\t<\/div>\n\t\t\t\t\t<\/div>\n\t\t<\/div>\n\t\t\t\t\t<\/div>\n\t\t<\/section>\n\t\t\t\t<section class=\"elementor-section elementor-top-section elementor-element elementor-element-e2aecfd elementor-section-boxed elementor-section-height-default elementor-section-height-default\" data-id=\"e2aecfd\" data-element_type=\"section\" data-e-type=\"section\">\n\t\t\t\t\t\t<div class=\"elementor-container elementor-column-gap-default\">\n\t\t\t\t\t<div class=\"elementor-column elementor-col-100 elementor-top-column elementor-element elementor-element-53bfa89\" data-id=\"53bfa89\" data-element_type=\"column\" data-e-type=\"column\">\n\t\t\t<div class=\"elementor-widget-wrap elementor-element-populated\">\n\t\t\t\t\t\t<div class=\"elementor-element elementor-element-98c7fe5 elementor-position-top elementor-widget elementor-widget-image-box\" data-id=\"98c7fe5\" data-element_type=\"widget\" data-e-type=\"widget\" data-widget_type=\"image-box.default\">\n\t\t\t\t<div class=\"elementor-widget-container\">\n\t\t\t\t\t<div class=\"elementor-image-box-wrapper\"><figure class=\"elementor-image-box-img\"><img decoding=\"async\" width=\"1024\" height=\"1024\" src=\"https:\/\/www.mediterrolio.com\/wp-content\/uploads\/2023\/10\/honey-1.jpg\" class=\"attachment-large size-large wp-image-8568\" alt=\"\" srcset=\"https:\/\/www.mediterrolio.com\/wp-content\/uploads\/2023\/10\/honey-1.jpg 1024w, https:\/\/www.mediterrolio.com\/wp-content\/uploads\/2023\/10\/honey-1-500x500.jpg 500w, https:\/\/www.mediterrolio.com\/wp-content\/uploads\/2023\/10\/honey-1-100x100.jpg 100w, https:\/\/www.mediterrolio.com\/wp-content\/uploads\/2023\/10\/honey-1-600x600.jpg 600w, https:\/\/www.mediterrolio.com\/wp-content\/uploads\/2023\/10\/honey-1-300x300.jpg 300w, https:\/\/www.mediterrolio.com\/wp-content\/uploads\/2023\/10\/honey-1-150x150.jpg 150w, https:\/\/www.mediterrolio.com\/wp-content\/uploads\/2023\/10\/honey-1-768x768.jpg 768w\" sizes=\"(max-width: 1024px) 100vw, 1024px\" \/><\/figure><div class=\"elementor-image-box-content\"><h3 class=\"elementor-image-box-title\">Miele<\/h3><p class=\"elementor-image-box-description\">Il miele \u00e8 uno dei doni pi\u00f9 dolci della natura. Per secoli \u00e8 stato utilizzato come dolcificante naturale, come agente curativo e persino come trattamento di bellezza. Sebbene tutto il miele sia essenzialmente uguale, in realt\u00e0 esistono molti tipi diversi di miele prodotti dalle api in tutto il mondo. Ogni tipo di miele ha il suo sapore e colore unici e, grazie alla sua natura antibatterica, pu\u00f2 essere usato per trattare una variet\u00e0 di disturbi. <br><br>\n\nIl miele di acacia \u00e8 un miele di colore chiaro con un sapore delicato e floreale. Ha un contenuto relativamente basso di fruttosio ed \u00e8 spesso usato come dolcificante naturale. Il miele di Manuka \u00e8 uno dei tipi di miele pi\u00f9 popolari. Viene prodotto in Nuova Zelanda dalle api che si nutrono del nettare del cespuglio Manuka. Il miele di Manuka ha un sapore forte ed \u00e8 di colore scuro. Le sue propriet\u00e0 antibatteriche lo rendono un rimedio popolare contro raffreddore e mal di gola.<br><br>\n\nIl miele di grano saraceno \u00e8 un miele scuro, corposo e dal sapore robusto. Ha un alto contenuto di antiossidanti e pu\u00f2 essere usato per trattare problemi digestivi e disturbi della pelle. Il miele di lavanda \u00e8 prodotto dalle api che si nutrono di fiori di lavanda. Ha un sapore dolce, floreale e viene spesso utilizzato per dolcificare i dolci o per preparare tisane. <br><br>\n\nIl miele di Tupelo \u00e8 un miele di colore chiaro che ha un sapore delicato. \u00c8 prodotto dalle api che si nutrono del nettare dell&#039;albero di tupelo bianco ed \u00e8 apprezzato per il suo basso contenuto di acqua e l&#039;alto contenuto di fruttosio. Il miele di fiori d&#039;arancio \u00e8 prodotto dalle api che si nutrono del nettare dell&#039;arancio. Ha un gusto leggero e dolce e viene spesso utilizzato per dolcificare i cibi o per preparare tisane. <br><br>\n\nQuesti sono solo alcuni dei tanti tipi di miele disponibili. Ogni tipo ha propriet\u00e0 e sapori unici e pu\u00f2 essere utilizzato per una variet\u00e0 di scopi culinari e medicinali. Che tu stia cercando un dolcificante naturale, un rimedio a base di erbe o semplicemente un dolcetto gustoso, il miele ti piacer\u00e0 sicuramente.<\/p><\/div><\/div>\t\t\t\t<\/div>\n\t\t\t\t<\/div>\n\t\t\t\t\t<\/div>\n\t\t<\/div>\n\t\t\t\t\t<\/div>\n\t\t<\/section>\n\t\t\t\t<section class=\"elementor-section elementor-top-section elementor-element elementor-element-90423f6 elementor-section-boxed elementor-section-height-default elementor-section-height-default\" data-id=\"90423f6\" data-element_type=\"section\" data-e-type=\"section\">\n\t\t\t\t\t\t<div class=\"elementor-container elementor-column-gap-default\">\n\t\t\t\t\t<div class=\"elementor-column elementor-col-100 elementor-top-column elementor-element elementor-element-ac36b0a\" data-id=\"ac36b0a\" data-element_type=\"column\" data-e-type=\"column\">\n\t\t\t<div class=\"elementor-widget-wrap elementor-element-populated\">\n\t\t\t\t\t\t<div class=\"elementor-element elementor-element-d9673fc elementor-widget elementor-widget-heading\" data-id=\"d9673fc\" data-element_type=\"widget\" data-e-type=\"widget\" data-widget_type=\"heading.default\">\n\t\t\t\t<div class=\"elementor-widget-container\">\n\t\t\t\t\t<h1 class=\"elementor-heading-title elementor-size-xxl\">prodotti sponsorizzati<\/h1>\t\t\t\t<\/div>\n\t\t\t\t<\/div>\n\t\t\t\t\t<\/div>\n\t\t<\/div>\n\t\t\t\t\t<\/div>\n\t\t<\/section>\n\t\t\t\t<section class=\"elementor-section elementor-top-section elementor-element elementor-element-33c0335 elementor-section-boxed elementor-section-height-default elementor-section-height-default\" data-id=\"33c0335\" data-element_type=\"section\" data-e-type=\"section\">\n\t\t\t\t\t\t<div class=\"elementor-container elementor-column-gap-default\">\n\t\t\t\t\t<div class=\"elementor-column elementor-col-25 elementor-top-column elementor-element elementor-element-1cf7f7f\" data-id=\"1cf7f7f\" data-element_type=\"column\" data-e-type=\"column\">\n\t\t\t<div class=\"elementor-widget-wrap elementor-element-populated\">\n\t\t\t\t\t\t<div class=\"elementor-element elementor-element-1ddcae6 elementor-widget elementor-widget-html\" data-id=\"1ddcae6\" data-element_type=\"widget\" data-e-type=\"widget\" data-widget_type=\"html.default\">\n\t\t\t\t<div class=\"elementor-widget-container\">\n\t\t\t\t\t<a target=\"_blank\" href=\"https:\/\/click.linksynergy.com\/link?id=gNJL3xCUKQE&offerid=753710.453989730431722649579105&bids=753710.453989730431722649579105&bids=753710.453989730431722649579105&type=2&murl=https%3a%2f%2fwww.clos19.com%2fen-gb%2fcloudy-bay-sauvignon-blanc-2023-1104334.html&\" ><img border=\"0\" src=\"https:\/\/www.clos19.com\/on\/demandware.static\/-\/Sites-mh-master\/default\/dwcc1da85a\/images\/large\/cloudy_bay\/packshots\/CLOUDY-BAY-SAUVIGNON-BLANC-2023-75CL-0.jpg\"><\/a><img border=\"0\" width=\"1\" height=\"1\" src=\"https:\/\/ad.linksynergy.com\/fs-bin\/show?id=gNJL3xCUKQE&offerid=753710.453989730431722649579105&bids=753710.453989730431722649579105&type=2&subid=0\">\t\t\t\t<\/div>\n\t\t\t\t<\/div>\n\t\t\t\t\t<\/div>\n\t\t<\/div>\n\t\t\t\t<div class=\"elementor-column elementor-col-25 elementor-top-column elementor-element elementor-element-6c1734d\" data-id=\"6c1734d\" data-element_type=\"column\" data-e-type=\"column\">\n\t\t\t<div class=\"elementor-widget-wrap elementor-element-populated\">\n\t\t\t\t\t\t<div class=\"elementor-element elementor-element-7035840 elementor-widget elementor-widget-html\" data-id=\"7035840\" data-element_type=\"widget\" data-e-type=\"widget\" data-widget_type=\"html.default\">\n\t\t\t\t<div class=\"elementor-widget-container\">\n\t\t\t\t\t<a target=\"_blank\" href=\"https:\/\/click.linksynergy.com\/link?id=gNJL3xCUKQE&offerid=753710.453989701771153093990746&bids=753710.453989701771153093990746&bids=753710.453989701771153093990746&type=2&murl=https%3a%2f%2fwww.clos19.com%2fen-gb%2fcloudy-bay-pinot-noir-2021-case-6-CA1100790.html&\" ><img border=\"0\" src=\"https:\/\/www.clos19.com\/on\/demandware.static\/-\/Sites-mh-master\/default\/dw026a3074\/images\/large\/cloudy_bay\/packshots\/CLOUDY-BAY-WHITE-WINE-PINOT-NOIR-2021-CASE-OF-6-0.jpg\"><\/a><img border=\"0\" width=\"1\" height=\"1\" src=\"https:\/\/ad.linksynergy.com\/fs-bin\/show?id=gNJL3xCUKQE&offerid=753710.453989701771153093990746&bids=753710.453989701771153093990746&type=2&subid=0\">\t\t\t\t<\/div>\n\t\t\t\t<\/div>\n\t\t\t\t\t<\/div>\n\t\t<\/div>\n\t\t\t\t<div class=\"elementor-column elementor-col-25 elementor-top-column elementor-element elementor-element-645770f\" data-id=\"645770f\" data-element_type=\"column\" data-e-type=\"column\">\n\t\t\t<div class=\"elementor-widget-wrap elementor-element-populated\">\n\t\t\t\t\t\t<div class=\"elementor-element elementor-element-2a230e7 elementor-widget elementor-widget-html\" data-id=\"2a230e7\" data-element_type=\"widget\" data-e-type=\"widget\" data-widget_type=\"html.default\">\n\t\t\t\t<div class=\"elementor-widget-container\">\n\t\t\t\t\t<a target=\"_blank\" href=\"https:\/\/click.linksynergy.com\/link?id=gNJL3xCUKQE&offerid=753710.4539812455782756677172030&bids=753710.4539812455782756677172030&bids=753710.4539812455782756677172030&type=2&murl=https%3a%2f%2fwww.clos19.com%2fen-gb%2fterrazas-de-los-andes-malbec-2021-pouring-set-C19U369.html&\" ><img border=\"0\" src=\"https:\/\/www.clos19.com\/on\/demandware.static\/-\/Sites-mh-master\/default\/dwf9479f2e\/images\/large\/terrazas_los_andes\/packshots\/TERRAZAS-DE-LOS-ANDES-RED-WINE-MALBEC-2021-APRON-SET-75CL-1.jpg\"><\/a><img border=\"0\" width=\"1\" height=\"1\" src=\"https:\/\/ad.linksynergy.com\/fs-bin\/show?id=gNJL3xCUKQE&offerid=753710.4539812455782756677172030&bids=753710.4539812455782756677172030&type=2&subid=0\">\t\t\t\t<\/div>\n\t\t\t\t<\/div>\n\t\t\t\t\t<\/div>\n\t\t<\/div>\n\t\t\t\t<div class=\"elementor-column elementor-col-25 elementor-top-column elementor-element elementor-element-afb7a9c\" data-id=\"afb7a9c\" data-element_type=\"column\" data-e-type=\"column\">\n\t\t\t<div class=\"elementor-widget-wrap elementor-element-populated\">\n\t\t\t\t\t\t<div class=\"elementor-element elementor-element-09d3071 elementor-widget elementor-widget-html\" data-id=\"09d3071\" data-element_type=\"widget\" data-e-type=\"widget\" data-widget_type=\"html.default\">\n\t\t\t\t<div class=\"elementor-widget-container\">\n\t\t\t\t\t<a target=\"_blank\" href=\"https:\/\/click.linksynergy.com\/link?id=gNJL3xCUKQE&offerid=753710.453984349265147185965736&bids=753710.453984349265147185965736&bids=753710.453984349265147185965736&type=2&murl=https%3a%2f%2fwww.clos19.com%2fen-gb%2fcloudy-bay-te-koko-2019-1091370.html&\" ><img border=\"0\" src=\"https:\/\/www.clos19.com\/on\/demandware.static\/-\/Sites-mh-master\/default\/dwaab5311f\/images\/large\/cloudy_bay\/packshots\/CLOUDY-BAY-TE-KOKO-2019-1091369_1.jpg\"><\/a><img border=\"0\" width=\"1\" height=\"1\" src=\"https:\/\/ad.linksynergy.com\/fs-bin\/show?id=gNJL3xCUKQE&offerid=753710.453984349265147185965736&bids=753710.453984349265147185965736&type=2&subid=0\">\t\t\t\t<\/div>\n\t\t\t\t<\/div>\n\t\t\t\t\t<\/div>\n\t\t<\/div>\n\t\t\t\t\t<\/div>\n\t\t<\/section>\n\t\t\t\t<section class=\"elementor-section elementor-top-section elementor-element elementor-element-508de69 elementor-section-boxed elementor-section-height-default elementor-section-height-default\" data-id=\"508de69\" data-element_type=\"section\" data-e-type=\"section\">\n\t\t\t\t\t\t<div class=\"elementor-container elementor-column-gap-default\">\n\t\t\t\t\t<div class=\"elementor-column elementor-col-100 elementor-top-column elementor-element elementor-element-a533a94\" data-id=\"a533a94\" data-element_type=\"column\" data-e-type=\"column\">\n\t\t\t<div class=\"elementor-widget-wrap elementor-element-populated\">\n\t\t\t\t\t\t<div class=\"elementor-element elementor-element-74a1b90 elementor-align-center elementor-widget elementor-widget-button\" data-id=\"74a1b90\" data-element_type=\"widget\" data-e-type=\"widget\" data-widget_type=\"button.default\">\n\t\t\t\t<div class=\"elementor-widget-container\">\n\t\t\t\t\t\t\t\t\t<div class=\"elementor-button-wrapper\">\n\t\t\t\t\t<a class=\"elementor-button elementor-button-link elementor-size-xl\" href=\"https:\/\/www.mediterrolio.com\/it\/elegant-tastes\/\">\n\t\t\t\t\t\t<span class=\"elementor-button-content-wrapper\">\n\t\t\t\t\t\t\t\t\t<span class=\"elementor-button-text\">Torna alla homepage di Elegant Tastes<\/span>\n\t\t\t\t\t<\/span>\n\t\t\t\t\t<\/a>\n\t\t\t\t<\/div>\n\t\t\t\t\t\t\t\t<\/div>\n\t\t\t\t<\/div>\n\t\t\t\t\t<\/div>\n\t\t<\/div>\n\t\t\t\t\t<\/div>\n\t\t<\/section>\n\t\t\t\t<\/div>","protected":false},"excerpt":{"rendered":"<p>Honey Honey is one of nature\u2019s sweetest gifts. For centuries, it has been used as a natural sweetener, as a healing agent, and even as a beauty treatment. While all honey is essentially the same, there are actually many different types of honey produced by bees all around the world. Each type of honey has [&hellip;]<\/p>\n","protected":false},"author":6,"featured_media":0,"parent":0,"menu_order":0,"comment_status":"closed","ping_status":"closed","template":"","meta":{"footnotes":""},"class_list":["post-8602","page","type-page","status-publish","hentry"],"yoast_head":"<!-- This site is optimized with the Yoast SEO plugin v27.4 - https:\/\/yoast.com\/product\/yoast-seo-wordpress\/ -->\n<title>Honey - Mediterrolio<\/title>\n<meta name=\"robots\" content=\"index, follow, max-snippet:-1, max-image-preview:large, max-video-preview:-1\" \/>\n<link rel=\"canonical\" href=\"https:\/\/www.mediterrolio.com\/it\/honey\/\" \/>\n<meta property=\"og:locale\" content=\"it_IT\" \/>\n<meta property=\"og:type\" content=\"article\" \/>\n<meta property=\"og:title\" content=\"Honey - Mediterrolio\" \/>\n<meta property=\"og:description\" content=\"Honey Honey is one of nature\u2019s sweetest gifts. For centuries, it has been used as a natural sweetener, as a healing agent, and even as a beauty treatment. While all honey is essentially the same, there are actually many different types of honey produced by bees all around the world. Each type of honey has [&hellip;]\" \/>\n<meta property=\"og:url\" content=\"https:\/\/www.mediterrolio.com\/it\/honey\/\" \/>\n<meta property=\"og:site_name\" content=\"Mediterrolio\" \/>\n<meta property=\"article:modified_time\" content=\"2023-10-17T08:14:26+00:00\" \/>\n<meta property=\"og:image\" content=\"https:\/\/www.mediterrolio.com\/wp-content\/uploads\/2023\/10\/elegant-tastes-1024x160.jpg\" \/>\n<meta name=\"twitter:card\" content=\"summary_large_image\" \/>\n<meta name=\"twitter:label1\" content=\"Tempo di lettura stimato\" \/>\n\t<meta name=\"twitter:data1\" content=\"4 minuti\" \/>\n<script type=\"application\/ld+json\" class=\"yoast-schema-graph\">{\"@context\":\"https:\\\/\\\/schema.org\",\"@graph\":[{\"@type\":\"WebPage\",\"@id\":\"https:\\\/\\\/www.mediterrolio.com\\\/honey\\\/\",\"url\":\"https:\\\/\\\/www.mediterrolio.com\\\/honey\\\/\",\"name\":\"Honey - Mediterrolio\",\"isPartOf\":{\"@id\":\"https:\\\/\\\/www.mediterrolio.com\\\/#website\"},\"primaryImageOfPage\":{\"@id\":\"https:\\\/\\\/www.mediterrolio.com\\\/honey\\\/#primaryimage\"},\"image\":{\"@id\":\"https:\\\/\\\/www.mediterrolio.com\\\/honey\\\/#primaryimage\"},\"thumbnailUrl\":\"https:\\\/\\\/www.mediterrolio.com\\\/wp-content\\\/uploads\\\/2023\\\/10\\\/elegant-tastes-1024x160.jpg\",\"datePublished\":\"2023-10-17T08:11:58+00:00\",\"dateModified\":\"2023-10-17T08:14:26+00:00\",\"breadcrumb\":{\"@id\":\"https:\\\/\\\/www.mediterrolio.com\\\/honey\\\/#breadcrumb\"},\"inLanguage\":\"it-IT\",\"potentialAction\":[{\"@type\":\"ReadAction\",\"target\":[\"https:\\\/\\\/www.mediterrolio.com\\\/honey\\\/\"]}]},{\"@type\":\"ImageObject\",\"inLanguage\":\"it-IT\",\"@id\":\"https:\\\/\\\/www.mediterrolio.com\\\/honey\\\/#primaryimage\",\"url\":\"https:\\\/\\\/www.mediterrolio.com\\\/wp-content\\\/uploads\\\/2023\\\/10\\\/elegant-tastes-1024x160.jpg\",\"contentUrl\":\"https:\\\/\\\/www.mediterrolio.com\\\/wp-content\\\/uploads\\\/2023\\\/10\\\/elegant-tastes-1024x160.jpg\"},{\"@type\":\"BreadcrumbList\",\"@id\":\"https:\\\/\\\/www.mediterrolio.com\\\/honey\\\/#breadcrumb\",\"itemListElement\":[{\"@type\":\"ListItem\",\"position\":1,\"name\":\"Home\",\"item\":\"https:\\\/\\\/www.mediterrolio.com\\\/\"},{\"@type\":\"ListItem\",\"position\":2,\"name\":\"Honey\"}]},{\"@type\":\"WebSite\",\"@id\":\"https:\\\/\\\/www.mediterrolio.com\\\/#website\",\"url\":\"https:\\\/\\\/www.mediterrolio.com\\\/\",\"name\":\"Mediterrolio\",\"description\":\"Olive Oil Brands Network\",\"potentialAction\":[{\"@type\":\"SearchAction\",\"target\":{\"@type\":\"EntryPoint\",\"urlTemplate\":\"https:\\\/\\\/www.mediterrolio.com\\\/?s={search_term_string}\"},\"query-input\":{\"@type\":\"PropertyValueSpecification\",\"valueRequired\":true,\"valueName\":\"search_term_string\"}}],\"inLanguage\":\"it-IT\"}]}<\/script>\n<!-- \/ Yoast SEO plugin. -->","yoast_head_json":{"title":"Honey - Mediterrolio","robots":{"index":"index","follow":"follow","max-snippet":"max-snippet:-1","max-image-preview":"max-image-preview:large","max-video-preview":"max-video-preview:-1"},"canonical":"https:\/\/www.mediterrolio.com\/it\/honey\/","og_locale":"it_IT","og_type":"article","og_title":"Honey - Mediterrolio","og_description":"Honey Honey is one of nature\u2019s sweetest gifts. For centuries, it has been used as a natural sweetener, as a healing agent, and even as a beauty treatment. While all honey is essentially the same, there are actually many different types of honey produced by bees all around the world. Each type of honey has [&hellip;]","og_url":"https:\/\/www.mediterrolio.com\/it\/honey\/","og_site_name":"Mediterrolio","article_modified_time":"2023-10-17T08:14:26+00:00","og_image":[{"url":"https:\/\/www.mediterrolio.com\/wp-content\/uploads\/2023\/10\/elegant-tastes-1024x160.jpg","type":"","width":"","height":""}],"twitter_card":"summary_large_image","twitter_misc":{"Tempo di lettura stimato":"4 minuti"},"schema":{"@context":"https:\/\/schema.org","@graph":[{"@type":"WebPage","@id":"https:\/\/www.mediterrolio.com\/honey\/","url":"https:\/\/www.mediterrolio.com\/honey\/","name":"Honey - Mediterrolio","isPartOf":{"@id":"https:\/\/www.mediterrolio.com\/#website"},"primaryImageOfPage":{"@id":"https:\/\/www.mediterrolio.com\/honey\/#primaryimage"},"image":{"@id":"https:\/\/www.mediterrolio.com\/honey\/#primaryimage"},"thumbnailUrl":"https:\/\/www.mediterrolio.com\/wp-content\/uploads\/2023\/10\/elegant-tastes-1024x160.jpg","datePublished":"2023-10-17T08:11:58+00:00","dateModified":"2023-10-17T08:14:26+00:00","breadcrumb":{"@id":"https:\/\/www.mediterrolio.com\/honey\/#breadcrumb"},"inLanguage":"it-IT","potentialAction":[{"@type":"ReadAction","target":["https:\/\/www.mediterrolio.com\/honey\/"]}]},{"@type":"ImageObject","inLanguage":"it-IT","@id":"https:\/\/www.mediterrolio.com\/honey\/#primaryimage","url":"https:\/\/www.mediterrolio.com\/wp-content\/uploads\/2023\/10\/elegant-tastes-1024x160.jpg","contentUrl":"https:\/\/www.mediterrolio.com\/wp-content\/uploads\/2023\/10\/elegant-tastes-1024x160.jpg"},{"@type":"BreadcrumbList","@id":"https:\/\/www.mediterrolio.com\/honey\/#breadcrumb","itemListElement":[{"@type":"ListItem","position":1,"name":"Home","item":"https:\/\/www.mediterrolio.com\/"},{"@type":"ListItem","position":2,"name":"Honey"}]},{"@type":"WebSite","@id":"https:\/\/www.mediterrolio.com\/#website","url":"https:\/\/www.mediterrolio.com\/","name":"Mediterrolio","description":"Rete dei marchi di olio d&#039;oliva","potentialAction":[{"@type":"SearchAction","target":{"@type":"EntryPoint","urlTemplate":"https:\/\/www.mediterrolio.com\/?s={search_term_string}"},"query-input":{"@type":"PropertyValueSpecification","valueRequired":true,"valueName":"search_term_string"}}],"inLanguage":"it-IT"}]}},"acf":[],"_links":{"self":[{"href":"https:\/\/www.mediterrolio.com\/it\/wp-json\/wp\/v2\/pages\/8602","targetHints":{"allow":["GET"]}}],"collection":[{"href":"https:\/\/www.mediterrolio.com\/it\/wp-json\/wp\/v2\/pages"}],"about":[{"href":"https:\/\/www.mediterrolio.com\/it\/wp-json\/wp\/v2\/types\/page"}],"author":[{"embeddable":true,"href":"https:\/\/www.mediterrolio.com\/it\/wp-json\/wp\/v2\/users\/6"}],"replies":[{"embeddable":true,"href":"https:\/\/www.mediterrolio.com\/it\/wp-json\/wp\/v2\/comments?post=8602"}],"version-history":[{"count":0,"href":"https:\/\/www.mediterrolio.com\/it\/wp-json\/wp\/v2\/pages\/8602\/revisions"}],"wp:attachment":[{"href":"https:\/\/www.mediterrolio.com\/it\/wp-json\/wp\/v2\/media?parent=8602"}],"curies":[{"name":"wp","href":"https:\/\/api.w.org\/{rel}","templated":true}]}}