{"id":8595,"date":"2023-10-17T11:08:10","date_gmt":"2023-10-17T08:08:10","guid":{"rendered":"https:\/\/www.mediterrolio.com\/?page_id=8595"},"modified":"2023-10-17T11:10:17","modified_gmt":"2023-10-17T08:10:17","slug":"cheese","status":"publish","type":"page","link":"https:\/\/www.mediterrolio.com\/it\/cheese\/","title":{"rendered":"Formaggio"},"content":{"rendered":"<div data-elementor-type=\"wp-page\" data-elementor-id=\"8595\" class=\"elementor elementor-8595\" data-elementor-post-type=\"page\">\n\t\t\t\t\t\t<section class=\"elementor-section elementor-top-section elementor-element elementor-element-aca10f3 elementor-section-boxed elementor-section-height-default elementor-section-height-default\" data-id=\"aca10f3\" data-element_type=\"section\" data-e-type=\"section\">\n\t\t\t\t\t\t<div class=\"elementor-container elementor-column-gap-default\">\n\t\t\t\t\t<div class=\"elementor-column elementor-col-100 elementor-top-column elementor-element elementor-element-5b076f5\" data-id=\"5b076f5\" data-element_type=\"column\" data-e-type=\"column\">\n\t\t\t<div class=\"elementor-widget-wrap elementor-element-populated\">\n\t\t\t\t\t\t<div class=\"elementor-element elementor-element-e0dd482 elementor-widget elementor-widget-image\" data-id=\"e0dd482\" data-element_type=\"widget\" data-e-type=\"widget\" data-widget_type=\"image.default\">\n\t\t\t\t<div class=\"elementor-widget-container\">\n\t\t\t\t\t\t\t\t\t\t\t\t\t\t\t\t<a href=\"https:\/\/www.mediterrolio.com\/it\/elegant-tastes\/\">\n\t\t\t\t\t\t\t<img fetchpriority=\"high\" decoding=\"async\" width=\"1024\" height=\"160\" src=\"https:\/\/www.mediterrolio.com\/wp-content\/uploads\/2023\/10\/elegant-tastes-1024x160.jpg\" class=\"attachment-large size-large wp-image-8359\" alt=\"\" srcset=\"https:\/\/www.mediterrolio.com\/wp-content\/uploads\/2023\/10\/elegant-tastes-1024x160.jpg 1024w, https:\/\/www.mediterrolio.com\/wp-content\/uploads\/2023\/10\/elegant-tastes-600x94.jpg 600w, https:\/\/www.mediterrolio.com\/wp-content\/uploads\/2023\/10\/elegant-tastes-300x47.jpg 300w, https:\/\/www.mediterrolio.com\/wp-content\/uploads\/2023\/10\/elegant-tastes-768x120.jpg 768w, https:\/\/www.mediterrolio.com\/wp-content\/uploads\/2023\/10\/elegant-tastes-1536x240.jpg 1536w, https:\/\/www.mediterrolio.com\/wp-content\/uploads\/2023\/10\/elegant-tastes.jpg 1920w\" sizes=\"(max-width: 1024px) 100vw, 1024px\" \/>\t\t\t\t\t\t\t\t<\/a>\n\t\t\t\t\t\t\t\t\t\t\t\t\t\t\t<\/div>\n\t\t\t\t<\/div>\n\t\t\t\t\t<\/div>\n\t\t<\/div>\n\t\t\t\t\t<\/div>\n\t\t<\/section>\n\t\t\t\t<section class=\"elementor-section elementor-top-section elementor-element elementor-element-7ba75eb elementor-section-boxed elementor-section-height-default elementor-section-height-default\" data-id=\"7ba75eb\" data-element_type=\"section\" data-e-type=\"section\">\n\t\t\t\t\t\t<div class=\"elementor-container elementor-column-gap-default\">\n\t\t\t\t\t<div class=\"elementor-column elementor-col-100 elementor-top-column elementor-element elementor-element-b79dfdf\" data-id=\"b79dfdf\" data-element_type=\"column\" data-e-type=\"column\">\n\t\t\t<div class=\"elementor-widget-wrap elementor-element-populated\">\n\t\t\t\t\t\t<div class=\"elementor-element elementor-element-fb94886 elementor-position-top elementor-widget elementor-widget-image-box\" data-id=\"fb94886\" data-element_type=\"widget\" data-e-type=\"widget\" data-widget_type=\"image-box.default\">\n\t\t\t\t<div class=\"elementor-widget-container\">\n\t\t\t\t\t<div class=\"elementor-image-box-wrapper\"><figure class=\"elementor-image-box-img\"><img decoding=\"async\" width=\"1024\" height=\"1024\" src=\"https:\/\/www.mediterrolio.com\/wp-content\/uploads\/2023\/10\/cheese-1.jpg\" class=\"attachment-large size-large wp-image-8566\" alt=\"\" srcset=\"https:\/\/www.mediterrolio.com\/wp-content\/uploads\/2023\/10\/cheese-1.jpg 1024w, https:\/\/www.mediterrolio.com\/wp-content\/uploads\/2023\/10\/cheese-1-500x500.jpg 500w, https:\/\/www.mediterrolio.com\/wp-content\/uploads\/2023\/10\/cheese-1-100x100.jpg 100w, https:\/\/www.mediterrolio.com\/wp-content\/uploads\/2023\/10\/cheese-1-600x600.jpg 600w, https:\/\/www.mediterrolio.com\/wp-content\/uploads\/2023\/10\/cheese-1-300x300.jpg 300w, https:\/\/www.mediterrolio.com\/wp-content\/uploads\/2023\/10\/cheese-1-150x150.jpg 150w, https:\/\/www.mediterrolio.com\/wp-content\/uploads\/2023\/10\/cheese-1-768x768.jpg 768w\" sizes=\"(max-width: 1024px) 100vw, 1024px\" \/><\/figure><div class=\"elementor-image-box-content\"><h3 class=\"elementor-image-box-title\">Formaggio<\/h3><p class=\"elementor-image-box-description\">Il formaggio \u00e8 un alimento base apprezzato in tutto il mondo. Dal formaggio cheddar piccante e salato al brie liscio e cremoso, c&#039;\u00e8 un formaggio per ogni gusto e occasione. Esistono letteralmente centinaia di tipi di formaggio e ognuno ha il suo sapore e la sua consistenza unici. In questo articolo esploreremo alcuni dei tipi di formaggio pi\u00f9 popolari e i loro usi. <br><br>\n\nIl formaggio Cheddar \u00e8 uno dei formaggi pi\u00f9 antichi e popolari. Il colore varia dal bianco al giallo e ha un sapore deciso e salato. Il formaggio Cheddar viene spesso utilizzato in piatti come maccheroni e formaggio, panini al formaggio grigliati e piatti di formaggi. <br><br>\n\nUn altro tipo di formaggio popolare \u00e8 la mozzarella. Questo formaggio \u00e8 solitamente bianco o color crema e ha un sapore delicato e lattiginoso. La mozzarella \u00e8 spesso utilizzata nei piatti italiani come pizza e lasagne. \u00c8 anche un condimento popolare per insalate e panini. <br><br>\n\nIl Gouda \u00e8 un formaggio semiduro, delicato e leggermente dolce. Di solito \u00e8 di colore giallo e ha una consistenza liscia e cremosa. Il gouda pu\u00f2 essere servito come spuntino o utilizzato in piatti come maccheroni e formaggio, panini al formaggio grigliato e quesadillas. <br><br>\n\nIl brie \u00e8 un formaggio morbido e cremoso di colore bianco. Ha un sapore sottile e terroso e una consistenza liscia e cremosa. Il brie pu\u00f2 essere servito come spuntino, utilizzato in piatti come la zuppa di cipolle francese o sciolto sulle verdure. <br><br>\n\nLa feta \u00e8 un formaggio friabile e salato, solitamente di colore bianco. Ha un sapore forte ed \u00e8 spesso utilizzato nei piatti greci come la spanakopita e le insalate greche. La feta pu\u00f2 essere servita anche come spuntino o utilizzata per condire pizze e panini. <br><br>\n\nIl formaggio blu \u00e8 un tipo di formaggio che \u00e8 stato invecchiato con colture di muffe per conferirgli un sapore unico. Di solito \u00e8 di colore blu-verde e viene spesso servito come spuntino o utilizzato in insalate e panini. <br><br>\n\nInfine c&#039;\u00e8 il formaggio di capra. Questo formaggio \u00e8 solitamente bianco o color crema e ha un sapore piccante e leggermente dolce. Il formaggio di capra viene spesso servito come spuntino o utilizzato in piatti come insalate, pizza e quesadillas. <br><br>\n\nNon importa quale tipo di formaggio preferisci, ce ne sar\u00e0 sicuramente uno che soddisfer\u00e0 le tue papille gustative. Che ti piaccia il formaggio dolce o quello piccante, c&#039;\u00e8 sicuramente un formaggio perfetto per le tue esigenze. Dal popolare cheddar all&#039;esclusivo formaggio blu, c&#039;\u00e8 un formaggio per tutti.<\/p><\/div><\/div>\t\t\t\t<\/div>\n\t\t\t\t<\/div>\n\t\t\t\t\t<\/div>\n\t\t<\/div>\n\t\t\t\t\t<\/div>\n\t\t<\/section>\n\t\t\t\t<section class=\"elementor-section elementor-top-section elementor-element elementor-element-827b826 elementor-section-boxed elementor-section-height-default elementor-section-height-default\" data-id=\"827b826\" data-element_type=\"section\" data-e-type=\"section\">\n\t\t\t\t\t\t<div class=\"elementor-container elementor-column-gap-default\">\n\t\t\t\t\t<div class=\"elementor-column elementor-col-100 elementor-top-column elementor-element elementor-element-af53898\" data-id=\"af53898\" data-element_type=\"column\" data-e-type=\"column\">\n\t\t\t<div class=\"elementor-widget-wrap elementor-element-populated\">\n\t\t\t\t\t\t<div class=\"elementor-element elementor-element-88198b4 elementor-widget elementor-widget-heading\" data-id=\"88198b4\" data-element_type=\"widget\" data-e-type=\"widget\" data-widget_type=\"heading.default\">\n\t\t\t\t<div class=\"elementor-widget-container\">\n\t\t\t\t\t<h1 class=\"elementor-heading-title elementor-size-xxl\">prodotti sponsorizzati<\/h1>\t\t\t\t<\/div>\n\t\t\t\t<\/div>\n\t\t\t\t\t<\/div>\n\t\t<\/div>\n\t\t\t\t\t<\/div>\n\t\t<\/section>\n\t\t\t\t<section class=\"elementor-section elementor-top-section elementor-element elementor-element-fdb7ed4 elementor-section-boxed elementor-section-height-default elementor-section-height-default\" data-id=\"fdb7ed4\" data-element_type=\"section\" data-e-type=\"section\">\n\t\t\t\t\t\t<div class=\"elementor-container elementor-column-gap-default\">\n\t\t\t\t\t<div class=\"elementor-column elementor-col-25 elementor-top-column elementor-element elementor-element-acee02a\" data-id=\"acee02a\" data-element_type=\"column\" data-e-type=\"column\">\n\t\t\t<div class=\"elementor-widget-wrap elementor-element-populated\">\n\t\t\t\t\t\t<div class=\"elementor-element elementor-element-f8eca55 elementor-widget elementor-widget-html\" data-id=\"f8eca55\" data-element_type=\"widget\" data-e-type=\"widget\" data-widget_type=\"html.default\">\n\t\t\t\t<div class=\"elementor-widget-container\">\n\t\t\t\t\t<a target=\"_blank\" href=\"https:\/\/click.linksynergy.com\/link?id=gNJL3xCUKQE&offerid=753710.453989730431722649579105&bids=753710.453989730431722649579105&bids=753710.453989730431722649579105&type=2&murl=https%3a%2f%2fwww.clos19.com%2fen-gb%2fcloudy-bay-sauvignon-blanc-2023-1104334.html&\" ><img border=\"0\" src=\"https:\/\/www.clos19.com\/on\/demandware.static\/-\/Sites-mh-master\/default\/dwcc1da85a\/images\/large\/cloudy_bay\/packshots\/CLOUDY-BAY-SAUVIGNON-BLANC-2023-75CL-0.jpg\"><\/a><img border=\"0\" width=\"1\" height=\"1\" src=\"https:\/\/ad.linksynergy.com\/fs-bin\/show?id=gNJL3xCUKQE&offerid=753710.453989730431722649579105&bids=753710.453989730431722649579105&type=2&subid=0\">\t\t\t\t<\/div>\n\t\t\t\t<\/div>\n\t\t\t\t\t<\/div>\n\t\t<\/div>\n\t\t\t\t<div class=\"elementor-column elementor-col-25 elementor-top-column elementor-element elementor-element-95ee378\" data-id=\"95ee378\" data-element_type=\"column\" data-e-type=\"column\">\n\t\t\t<div class=\"elementor-widget-wrap elementor-element-populated\">\n\t\t\t\t\t\t<div class=\"elementor-element elementor-element-87b067d elementor-widget elementor-widget-html\" data-id=\"87b067d\" data-element_type=\"widget\" data-e-type=\"widget\" data-widget_type=\"html.default\">\n\t\t\t\t<div class=\"elementor-widget-container\">\n\t\t\t\t\t<a target=\"_blank\" href=\"https:\/\/click.linksynergy.com\/link?id=gNJL3xCUKQE&offerid=753710.453989701771153093990746&bids=753710.453989701771153093990746&bids=753710.453989701771153093990746&type=2&murl=https%3a%2f%2fwww.clos19.com%2fen-gb%2fcloudy-bay-pinot-noir-2021-case-6-CA1100790.html&\" ><img border=\"0\" src=\"https:\/\/www.clos19.com\/on\/demandware.static\/-\/Sites-mh-master\/default\/dw026a3074\/images\/large\/cloudy_bay\/packshots\/CLOUDY-BAY-WHITE-WINE-PINOT-NOIR-2021-CASE-OF-6-0.jpg\"><\/a><img border=\"0\" width=\"1\" height=\"1\" src=\"https:\/\/ad.linksynergy.com\/fs-bin\/show?id=gNJL3xCUKQE&offerid=753710.453989701771153093990746&bids=753710.453989701771153093990746&type=2&subid=0\">\t\t\t\t<\/div>\n\t\t\t\t<\/div>\n\t\t\t\t\t<\/div>\n\t\t<\/div>\n\t\t\t\t<div class=\"elementor-column elementor-col-25 elementor-top-column elementor-element elementor-element-3bceba5\" data-id=\"3bceba5\" data-element_type=\"column\" data-e-type=\"column\">\n\t\t\t<div class=\"elementor-widget-wrap elementor-element-populated\">\n\t\t\t\t\t\t<div class=\"elementor-element elementor-element-692019a elementor-widget elementor-widget-html\" data-id=\"692019a\" data-element_type=\"widget\" data-e-type=\"widget\" data-widget_type=\"html.default\">\n\t\t\t\t<div class=\"elementor-widget-container\">\n\t\t\t\t\t<a target=\"_blank\" href=\"https:\/\/click.linksynergy.com\/link?id=gNJL3xCUKQE&offerid=753710.4539812455782756677172030&bids=753710.4539812455782756677172030&bids=753710.4539812455782756677172030&type=2&murl=https%3a%2f%2fwww.clos19.com%2fen-gb%2fterrazas-de-los-andes-malbec-2021-pouring-set-C19U369.html&\" ><img border=\"0\" src=\"https:\/\/www.clos19.com\/on\/demandware.static\/-\/Sites-mh-master\/default\/dwf9479f2e\/images\/large\/terrazas_los_andes\/packshots\/TERRAZAS-DE-LOS-ANDES-RED-WINE-MALBEC-2021-APRON-SET-75CL-1.jpg\"><\/a><img border=\"0\" width=\"1\" height=\"1\" src=\"https:\/\/ad.linksynergy.com\/fs-bin\/show?id=gNJL3xCUKQE&offerid=753710.4539812455782756677172030&bids=753710.4539812455782756677172030&type=2&subid=0\">\t\t\t\t<\/div>\n\t\t\t\t<\/div>\n\t\t\t\t\t<\/div>\n\t\t<\/div>\n\t\t\t\t<div class=\"elementor-column elementor-col-25 elementor-top-column elementor-element elementor-element-9b31159\" data-id=\"9b31159\" data-element_type=\"column\" data-e-type=\"column\">\n\t\t\t<div class=\"elementor-widget-wrap elementor-element-populated\">\n\t\t\t\t\t\t<div class=\"elementor-element elementor-element-433a976 elementor-widget elementor-widget-html\" data-id=\"433a976\" data-element_type=\"widget\" data-e-type=\"widget\" data-widget_type=\"html.default\">\n\t\t\t\t<div class=\"elementor-widget-container\">\n\t\t\t\t\t<a target=\"_blank\" href=\"https:\/\/click.linksynergy.com\/link?id=gNJL3xCUKQE&offerid=753710.453984349265147185965736&bids=753710.453984349265147185965736&bids=753710.453984349265147185965736&type=2&murl=https%3a%2f%2fwww.clos19.com%2fen-gb%2fcloudy-bay-te-koko-2019-1091370.html&\" ><img border=\"0\" src=\"https:\/\/www.clos19.com\/on\/demandware.static\/-\/Sites-mh-master\/default\/dwaab5311f\/images\/large\/cloudy_bay\/packshots\/CLOUDY-BAY-TE-KOKO-2019-1091369_1.jpg\"><\/a><img border=\"0\" width=\"1\" height=\"1\" src=\"https:\/\/ad.linksynergy.com\/fs-bin\/show?id=gNJL3xCUKQE&offerid=753710.453984349265147185965736&bids=753710.453984349265147185965736&type=2&subid=0\">\t\t\t\t<\/div>\n\t\t\t\t<\/div>\n\t\t\t\t\t<\/div>\n\t\t<\/div>\n\t\t\t\t\t<\/div>\n\t\t<\/section>\n\t\t\t\t<section class=\"elementor-section elementor-top-section elementor-element elementor-element-2fc9748 elementor-section-boxed elementor-section-height-default elementor-section-height-default\" data-id=\"2fc9748\" data-element_type=\"section\" data-e-type=\"section\">\n\t\t\t\t\t\t<div class=\"elementor-container elementor-column-gap-default\">\n\t\t\t\t\t<div class=\"elementor-column elementor-col-100 elementor-top-column elementor-element elementor-element-fb63e02\" data-id=\"fb63e02\" data-element_type=\"column\" data-e-type=\"column\">\n\t\t\t<div class=\"elementor-widget-wrap elementor-element-populated\">\n\t\t\t\t\t\t<div class=\"elementor-element elementor-element-db669a1 elementor-align-center elementor-widget elementor-widget-button\" data-id=\"db669a1\" data-element_type=\"widget\" data-e-type=\"widget\" data-widget_type=\"button.default\">\n\t\t\t\t<div class=\"elementor-widget-container\">\n\t\t\t\t\t\t\t\t\t<div class=\"elementor-button-wrapper\">\n\t\t\t\t\t<a class=\"elementor-button elementor-button-link elementor-size-xl\" href=\"https:\/\/www.mediterrolio.com\/it\/elegant-tastes\/\">\n\t\t\t\t\t\t<span class=\"elementor-button-content-wrapper\">\n\t\t\t\t\t\t\t\t\t<span class=\"elementor-button-text\">Torna alla homepage di Elegant Tastes<\/span>\n\t\t\t\t\t<\/span>\n\t\t\t\t\t<\/a>\n\t\t\t\t<\/div>\n\t\t\t\t\t\t\t\t<\/div>\n\t\t\t\t<\/div>\n\t\t\t\t\t<\/div>\n\t\t<\/div>\n\t\t\t\t\t<\/div>\n\t\t<\/section>\n\t\t\t\t<\/div>","protected":false},"excerpt":{"rendered":"<p>Cheese Cheese is a staple food enjoyed all over the world. From the sharp and salty cheddar cheese to the smooth and creamy brie, there is a cheese for every taste and occasion. There are literally hundreds of types of cheese, and each one has its own unique flavor and texture. In this article, we [&hellip;]<\/p>\n","protected":false},"author":6,"featured_media":0,"parent":0,"menu_order":0,"comment_status":"closed","ping_status":"closed","template":"","meta":{"footnotes":""},"class_list":["post-8595","page","type-page","status-publish","hentry"],"yoast_head":"<!-- This site is optimized with the Yoast SEO plugin v27.3 - https:\/\/yoast.com\/product\/yoast-seo-wordpress\/ -->\n<title>Cheese - Mediterrolio<\/title>\n<meta name=\"robots\" content=\"index, follow, max-snippet:-1, max-image-preview:large, max-video-preview:-1\" \/>\n<link rel=\"canonical\" href=\"https:\/\/www.mediterrolio.com\/it\/cheese\/\" \/>\n<meta property=\"og:locale\" content=\"it_IT\" \/>\n<meta property=\"og:type\" content=\"article\" \/>\n<meta property=\"og:title\" content=\"Cheese - Mediterrolio\" \/>\n<meta property=\"og:description\" content=\"Cheese Cheese is a staple food enjoyed all over the world. From the sharp and salty cheddar cheese to the smooth and creamy brie, there is a cheese for every taste and occasion. There are literally hundreds of types of cheese, and each one has its own unique flavor and texture. In this article, we [&hellip;]\" \/>\n<meta property=\"og:url\" content=\"https:\/\/www.mediterrolio.com\/it\/cheese\/\" \/>\n<meta property=\"og:site_name\" content=\"Mediterrolio\" \/>\n<meta property=\"article:modified_time\" content=\"2023-10-17T08:10:17+00:00\" \/>\n<meta property=\"og:image\" content=\"https:\/\/www.mediterrolio.com\/wp-content\/uploads\/2023\/10\/elegant-tastes-1024x160.jpg\" \/>\n<meta name=\"twitter:card\" content=\"summary_large_image\" \/>\n<meta name=\"twitter:label1\" content=\"Tempo di lettura stimato\" \/>\n\t<meta name=\"twitter:data1\" content=\"4 minuti\" \/>\n<script type=\"application\/ld+json\" class=\"yoast-schema-graph\">{\"@context\":\"https:\\\/\\\/schema.org\",\"@graph\":[{\"@type\":\"WebPage\",\"@id\":\"https:\\\/\\\/www.mediterrolio.com\\\/cheese\\\/\",\"url\":\"https:\\\/\\\/www.mediterrolio.com\\\/cheese\\\/\",\"name\":\"Cheese - Mediterrolio\",\"isPartOf\":{\"@id\":\"https:\\\/\\\/www.mediterrolio.com\\\/#website\"},\"primaryImageOfPage\":{\"@id\":\"https:\\\/\\\/www.mediterrolio.com\\\/cheese\\\/#primaryimage\"},\"image\":{\"@id\":\"https:\\\/\\\/www.mediterrolio.com\\\/cheese\\\/#primaryimage\"},\"thumbnailUrl\":\"https:\\\/\\\/www.mediterrolio.com\\\/wp-content\\\/uploads\\\/2023\\\/10\\\/elegant-tastes-1024x160.jpg\",\"datePublished\":\"2023-10-17T08:08:10+00:00\",\"dateModified\":\"2023-10-17T08:10:17+00:00\",\"breadcrumb\":{\"@id\":\"https:\\\/\\\/www.mediterrolio.com\\\/cheese\\\/#breadcrumb\"},\"inLanguage\":\"it-IT\",\"potentialAction\":[{\"@type\":\"ReadAction\",\"target\":[\"https:\\\/\\\/www.mediterrolio.com\\\/cheese\\\/\"]}]},{\"@type\":\"ImageObject\",\"inLanguage\":\"it-IT\",\"@id\":\"https:\\\/\\\/www.mediterrolio.com\\\/cheese\\\/#primaryimage\",\"url\":\"https:\\\/\\\/www.mediterrolio.com\\\/wp-content\\\/uploads\\\/2023\\\/10\\\/elegant-tastes-1024x160.jpg\",\"contentUrl\":\"https:\\\/\\\/www.mediterrolio.com\\\/wp-content\\\/uploads\\\/2023\\\/10\\\/elegant-tastes-1024x160.jpg\"},{\"@type\":\"BreadcrumbList\",\"@id\":\"https:\\\/\\\/www.mediterrolio.com\\\/cheese\\\/#breadcrumb\",\"itemListElement\":[{\"@type\":\"ListItem\",\"position\":1,\"name\":\"Home\",\"item\":\"https:\\\/\\\/www.mediterrolio.com\\\/\"},{\"@type\":\"ListItem\",\"position\":2,\"name\":\"Cheese\"}]},{\"@type\":\"WebSite\",\"@id\":\"https:\\\/\\\/www.mediterrolio.com\\\/#website\",\"url\":\"https:\\\/\\\/www.mediterrolio.com\\\/\",\"name\":\"Mediterrolio\",\"description\":\"Olive Oil Brands Network\",\"potentialAction\":[{\"@type\":\"SearchAction\",\"target\":{\"@type\":\"EntryPoint\",\"urlTemplate\":\"https:\\\/\\\/www.mediterrolio.com\\\/?s={search_term_string}\"},\"query-input\":{\"@type\":\"PropertyValueSpecification\",\"valueRequired\":true,\"valueName\":\"search_term_string\"}}],\"inLanguage\":\"it-IT\"}]}<\/script>\n<!-- \/ Yoast SEO plugin. -->","yoast_head_json":{"title":"Cheese - Mediterrolio","robots":{"index":"index","follow":"follow","max-snippet":"max-snippet:-1","max-image-preview":"max-image-preview:large","max-video-preview":"max-video-preview:-1"},"canonical":"https:\/\/www.mediterrolio.com\/it\/cheese\/","og_locale":"it_IT","og_type":"article","og_title":"Cheese - Mediterrolio","og_description":"Cheese Cheese is a staple food enjoyed all over the world. From the sharp and salty cheddar cheese to the smooth and creamy brie, there is a cheese for every taste and occasion. There are literally hundreds of types of cheese, and each one has its own unique flavor and texture. In this article, we [&hellip;]","og_url":"https:\/\/www.mediterrolio.com\/it\/cheese\/","og_site_name":"Mediterrolio","article_modified_time":"2023-10-17T08:10:17+00:00","og_image":[{"url":"https:\/\/www.mediterrolio.com\/wp-content\/uploads\/2023\/10\/elegant-tastes-1024x160.jpg","type":"","width":"","height":""}],"twitter_card":"summary_large_image","twitter_misc":{"Tempo di lettura stimato":"4 minuti"},"schema":{"@context":"https:\/\/schema.org","@graph":[{"@type":"WebPage","@id":"https:\/\/www.mediterrolio.com\/cheese\/","url":"https:\/\/www.mediterrolio.com\/cheese\/","name":"Cheese - Mediterrolio","isPartOf":{"@id":"https:\/\/www.mediterrolio.com\/#website"},"primaryImageOfPage":{"@id":"https:\/\/www.mediterrolio.com\/cheese\/#primaryimage"},"image":{"@id":"https:\/\/www.mediterrolio.com\/cheese\/#primaryimage"},"thumbnailUrl":"https:\/\/www.mediterrolio.com\/wp-content\/uploads\/2023\/10\/elegant-tastes-1024x160.jpg","datePublished":"2023-10-17T08:08:10+00:00","dateModified":"2023-10-17T08:10:17+00:00","breadcrumb":{"@id":"https:\/\/www.mediterrolio.com\/cheese\/#breadcrumb"},"inLanguage":"it-IT","potentialAction":[{"@type":"ReadAction","target":["https:\/\/www.mediterrolio.com\/cheese\/"]}]},{"@type":"ImageObject","inLanguage":"it-IT","@id":"https:\/\/www.mediterrolio.com\/cheese\/#primaryimage","url":"https:\/\/www.mediterrolio.com\/wp-content\/uploads\/2023\/10\/elegant-tastes-1024x160.jpg","contentUrl":"https:\/\/www.mediterrolio.com\/wp-content\/uploads\/2023\/10\/elegant-tastes-1024x160.jpg"},{"@type":"BreadcrumbList","@id":"https:\/\/www.mediterrolio.com\/cheese\/#breadcrumb","itemListElement":[{"@type":"ListItem","position":1,"name":"Home","item":"https:\/\/www.mediterrolio.com\/"},{"@type":"ListItem","position":2,"name":"Cheese"}]},{"@type":"WebSite","@id":"https:\/\/www.mediterrolio.com\/#website","url":"https:\/\/www.mediterrolio.com\/","name":"Mediterrolio","description":"Rete dei marchi di olio d&#039;oliva","potentialAction":[{"@type":"SearchAction","target":{"@type":"EntryPoint","urlTemplate":"https:\/\/www.mediterrolio.com\/?s={search_term_string}"},"query-input":{"@type":"PropertyValueSpecification","valueRequired":true,"valueName":"search_term_string"}}],"inLanguage":"it-IT"}]}},"acf":[],"_links":{"self":[{"href":"https:\/\/www.mediterrolio.com\/it\/wp-json\/wp\/v2\/pages\/8595","targetHints":{"allow":["GET"]}}],"collection":[{"href":"https:\/\/www.mediterrolio.com\/it\/wp-json\/wp\/v2\/pages"}],"about":[{"href":"https:\/\/www.mediterrolio.com\/it\/wp-json\/wp\/v2\/types\/page"}],"author":[{"embeddable":true,"href":"https:\/\/www.mediterrolio.com\/it\/wp-json\/wp\/v2\/users\/6"}],"replies":[{"embeddable":true,"href":"https:\/\/www.mediterrolio.com\/it\/wp-json\/wp\/v2\/comments?post=8595"}],"version-history":[{"count":0,"href":"https:\/\/www.mediterrolio.com\/it\/wp-json\/wp\/v2\/pages\/8595\/revisions"}],"wp:attachment":[{"href":"https:\/\/www.mediterrolio.com\/it\/wp-json\/wp\/v2\/media?parent=8595"}],"curies":[{"name":"wp","href":"https:\/\/api.w.org\/{rel}","templated":true}]}}