{"id":8486,"date":"2023-10-16T19:51:45","date_gmt":"2023-10-16T16:51:45","guid":{"rendered":"https:\/\/www.mediterrolio.com\/?page_id=8486"},"modified":"2023-10-17T11:49:49","modified_gmt":"2023-10-17T08:49:49","slug":"cookware","status":"publish","type":"page","link":"https:\/\/www.mediterrolio.com\/it\/cookware\/","title":{"rendered":"Pentole"},"content":{"rendered":"<div data-elementor-type=\"wp-page\" data-elementor-id=\"8486\" class=\"elementor elementor-8486\" data-elementor-post-type=\"page\">\n\t\t\t\t\t\t<section class=\"elementor-section elementor-top-section elementor-element elementor-element-220fffa elementor-section-boxed elementor-section-height-default elementor-section-height-default\" data-id=\"220fffa\" data-element_type=\"section\" data-e-type=\"section\">\n\t\t\t\t\t\t<div class=\"elementor-container elementor-column-gap-default\">\n\t\t\t\t\t<div class=\"elementor-column elementor-col-100 elementor-top-column elementor-element elementor-element-5ace1ac\" data-id=\"5ace1ac\" data-element_type=\"column\" data-e-type=\"column\">\n\t\t\t<div class=\"elementor-widget-wrap elementor-element-populated\">\n\t\t\t\t\t\t<div class=\"elementor-element elementor-element-9bf3ddc elementor-widget elementor-widget-image\" data-id=\"9bf3ddc\" data-element_type=\"widget\" data-e-type=\"widget\" data-widget_type=\"image.default\">\n\t\t\t\t<div class=\"elementor-widget-container\">\n\t\t\t\t\t\t\t\t\t\t\t\t\t\t\t\t<a href=\"https:\/\/www.mediterrolio.com\/it\/elegant-tastes\/\">\n\t\t\t\t\t\t\t<img fetchpriority=\"high\" decoding=\"async\" width=\"1024\" height=\"160\" src=\"https:\/\/www.mediterrolio.com\/wp-content\/uploads\/2023\/10\/elegant-tastes-1024x160.jpg\" class=\"attachment-large size-large wp-image-8359\" alt=\"\" srcset=\"https:\/\/www.mediterrolio.com\/wp-content\/uploads\/2023\/10\/elegant-tastes-1024x160.jpg 1024w, https:\/\/www.mediterrolio.com\/wp-content\/uploads\/2023\/10\/elegant-tastes-600x94.jpg 600w, https:\/\/www.mediterrolio.com\/wp-content\/uploads\/2023\/10\/elegant-tastes-300x47.jpg 300w, https:\/\/www.mediterrolio.com\/wp-content\/uploads\/2023\/10\/elegant-tastes-768x120.jpg 768w, https:\/\/www.mediterrolio.com\/wp-content\/uploads\/2023\/10\/elegant-tastes-1536x240.jpg 1536w, https:\/\/www.mediterrolio.com\/wp-content\/uploads\/2023\/10\/elegant-tastes.jpg 1920w\" sizes=\"(max-width: 1024px) 100vw, 1024px\" \/>\t\t\t\t\t\t\t\t<\/a>\n\t\t\t\t\t\t\t\t\t\t\t\t\t\t\t<\/div>\n\t\t\t\t<\/div>\n\t\t\t\t\t<\/div>\n\t\t<\/div>\n\t\t\t\t\t<\/div>\n\t\t<\/section>\n\t\t\t\t<section class=\"elementor-section elementor-top-section elementor-element elementor-element-fc6834b elementor-section-boxed elementor-section-height-default elementor-section-height-default\" data-id=\"fc6834b\" data-element_type=\"section\" data-e-type=\"section\">\n\t\t\t\t\t\t<div class=\"elementor-container elementor-column-gap-default\">\n\t\t\t\t\t<div class=\"elementor-column elementor-col-100 elementor-top-column elementor-element elementor-element-e79ed32\" data-id=\"e79ed32\" data-element_type=\"column\" data-e-type=\"column\">\n\t\t\t<div class=\"elementor-widget-wrap elementor-element-populated\">\n\t\t\t\t\t\t<div class=\"elementor-element elementor-element-b162915 elementor-position-top elementor-widget elementor-widget-image-box\" data-id=\"b162915\" data-element_type=\"widget\" data-e-type=\"widget\" data-widget_type=\"image-box.default\">\n\t\t\t\t<div class=\"elementor-widget-container\">\n\t\t\t\t\t<div class=\"elementor-image-box-wrapper\"><figure class=\"elementor-image-box-img\"><img decoding=\"async\" width=\"1024\" height=\"1024\" src=\"https:\/\/www.mediterrolio.com\/wp-content\/uploads\/2023\/10\/cookware.jpg\" class=\"attachment-large size-large wp-image-8488\" alt=\"\" srcset=\"https:\/\/www.mediterrolio.com\/wp-content\/uploads\/2023\/10\/cookware.jpg 1024w, https:\/\/www.mediterrolio.com\/wp-content\/uploads\/2023\/10\/cookware-500x500.jpg 500w, https:\/\/www.mediterrolio.com\/wp-content\/uploads\/2023\/10\/cookware-100x100.jpg 100w, https:\/\/www.mediterrolio.com\/wp-content\/uploads\/2023\/10\/cookware-600x600.jpg 600w, https:\/\/www.mediterrolio.com\/wp-content\/uploads\/2023\/10\/cookware-300x300.jpg 300w, https:\/\/www.mediterrolio.com\/wp-content\/uploads\/2023\/10\/cookware-150x150.jpg 150w, https:\/\/www.mediterrolio.com\/wp-content\/uploads\/2023\/10\/cookware-768x768.jpg 768w\" sizes=\"(max-width: 1024px) 100vw, 1024px\" \/><\/figure><div class=\"elementor-image-box-content\"><h3 class=\"elementor-image-box-title\">Pentole<\/h3><p class=\"elementor-image-box-description\">Le pentole sono una parte essenziale di ogni cucina. Che tu sia un cuoco amatoriale o uno chef professionista, avere le pentole giuste \u00e8 essenziale per creare pasti deliziosi. Ma con cos\u00ec tanti tipi diversi di pentole disponibili, da dove iniziare? <br><br>\n\nUna delle prime decisioni che devi prendere \u00e8 il tipo di materiale con cui vuoi che siano realizzate le tue pentole. Acciaio, alluminio, rame e ceramica sono alcune delle scelte pi\u00f9 popolari. Ogni tipo ha i suoi vantaggi e svantaggi, quindi \u00e8 importante considerare il tuo stile di cucina e le tue abitudini prima di prendere una decisione. <br><br>\n\nLe pentole in acciaio sono generalmente l&#039;opzione pi\u00f9 durevole. \u00c8 anche uno dei pi\u00f9 versatili, poich\u00e9 pu\u00f2 essere utilizzato su tutti i tipi di piani cottura, compreso quello a induzione. Tuttavia, \u00e8 anche l\u2019opzione pi\u00f9 pesante e tende ad essere costosa. \n<br><br>\nLe pentole in alluminio sono leggere e generalmente meno costose dell&#039;acciaio. \u00c8 anche abbastanza resistente e pu\u00f2 essere utilizzato su una variet\u00e0 di piani cottura. Tuttavia, non \u00e8 durevole come l\u2019acciaio e pu\u00f2 deformarsi con l\u2019uso prolungato.<br><br>\n\nLe pentole in rame sono l&#039;opzione pi\u00f9 costosa. \u00c8 anche il pi\u00f9 sensibile al calore, quindi \u00e8 ideale per i piatti che richiedono un controllo preciso della temperatura. Tuttavia, \u00e8 anche l&#039;opzione pi\u00f9 morbida e pu\u00f2 essere soggetta a graffi e ammaccature. <br><br>\n\nLe pentole in ceramica sono forse l&#039;opzione pi\u00f9 elegante. Inoltre \u00e8 antiaderente, quindi \u00e8 perfetto per piatti che richiedono cotture con pochi grassi. Tuttavia, non \u00e8 durevole come le altre opzioni e pu\u00f2 facilmente scheggiarsi o rompersi. <br><br>\n\nQualunque sia il tipo di pentola che scegli, \u00e8 importante assicurarsi che sia ben fatta e di alta qualit\u00e0. Le pentole di scarsa qualit\u00e0 possono essere pericolose da usare e possono facilmente deformarsi o rompersi. \u00c8 anche importante assicurarsi di utilizzare le pentole corrette per il tipo di cucina che si sta effettuando. <br><br>\n\nLe pentole sono una parte importante di ogni cucina, quindi \u00e8 importante scegliere il tipo giusto per le proprie esigenze di cucina. Considera i diversi tipi di materiali, nonch\u00e9 il tuo stile di cucina e le tue abitudini, prima di prendere una decisione. Con le pentole giuste sarai in grado di creare piatti deliziosi con facilit\u00e0.\n<\/p><\/div><\/div>\t\t\t\t<\/div>\n\t\t\t\t<\/div>\n\t\t\t\t\t<\/div>\n\t\t<\/div>\n\t\t\t\t\t<\/div>\n\t\t<\/section>\n\t\t\t\t<section class=\"elementor-section elementor-top-section elementor-element elementor-element-4a4efec elementor-section-boxed elementor-section-height-default elementor-section-height-default\" data-id=\"4a4efec\" data-element_type=\"section\" data-e-type=\"section\">\n\t\t\t\t\t\t<div class=\"elementor-container elementor-column-gap-default\">\n\t\t\t\t\t<div class=\"elementor-column elementor-col-100 elementor-top-column elementor-element elementor-element-ed5adac\" data-id=\"ed5adac\" data-element_type=\"column\" data-e-type=\"column\">\n\t\t\t<div class=\"elementor-widget-wrap elementor-element-populated\">\n\t\t\t\t\t\t<div class=\"elementor-element elementor-element-4b93a1d elementor-widget elementor-widget-heading\" data-id=\"4b93a1d\" data-element_type=\"widget\" data-e-type=\"widget\" data-widget_type=\"heading.default\">\n\t\t\t\t<div class=\"elementor-widget-container\">\n\t\t\t\t\t<h1 class=\"elementor-heading-title elementor-size-xxl\">prodotti sponsorizzati<\/h1>\t\t\t\t<\/div>\n\t\t\t\t<\/div>\n\t\t\t\t\t<\/div>\n\t\t<\/div>\n\t\t\t\t\t<\/div>\n\t\t<\/section>\n\t\t\t\t<section class=\"elementor-section elementor-top-section elementor-element elementor-element-fdf0e97 elementor-section-boxed elementor-section-height-default elementor-section-height-default\" data-id=\"fdf0e97\" data-element_type=\"section\" data-e-type=\"section\">\n\t\t\t\t\t\t<div class=\"elementor-container elementor-column-gap-default\">\n\t\t\t\t\t<div class=\"elementor-column elementor-col-25 elementor-top-column elementor-element elementor-element-eb9738c\" data-id=\"eb9738c\" data-element_type=\"column\" data-e-type=\"column\">\n\t\t\t<div class=\"elementor-widget-wrap elementor-element-populated\">\n\t\t\t\t\t\t<div class=\"elementor-element elementor-element-8d07b13 elementor-widget elementor-widget-html\" data-id=\"8d07b13\" data-element_type=\"widget\" data-e-type=\"widget\" data-widget_type=\"html.default\">\n\t\t\t\t<div class=\"elementor-widget-container\">\n\t\t\t\t\t<a href=\"https:\/\/www.jdoqocy.com\/click-101010291-15171094?url=https%3A%2F%2Fwww.karaca.com.de%2Fde%2Fivy-biogranit-7teiliges-kochgeschirrset-rose-karaca&cjsku=8829586341889\" target=\"_top\"><img decoding=\"async\" src=\"https:\/\/karaca-prod.s3-eu-west-1.amazonaws.com\/sys-master\/product\/hd0\/h59\/9544533049374\" border=\"0\" alt=\"Karaca Ivy Biogranit 7-teiliges Kochgeschirr-Set Rose\"\/><\/a><img decoding=\"async\" src=\"https:\/\/www.ftjcfx.com\/image-101010291-15171094\" width=\"1\" height=\"1\" border=\"0\"\/>\t\t\t\t<\/div>\n\t\t\t\t<\/div>\n\t\t\t\t\t<\/div>\n\t\t<\/div>\n\t\t\t\t<div class=\"elementor-column elementor-col-25 elementor-top-column elementor-element elementor-element-094b4cd\" data-id=\"094b4cd\" data-element_type=\"column\" data-e-type=\"column\">\n\t\t\t<div class=\"elementor-widget-wrap elementor-element-populated\">\n\t\t\t\t\t\t<div class=\"elementor-element elementor-element-e19f38c elementor-widget elementor-widget-html\" data-id=\"e19f38c\" data-element_type=\"widget\" data-e-type=\"widget\" data-widget_type=\"html.default\">\n\t\t\t\t<div class=\"elementor-widget-container\">\n\t\t\t\t\t<a href=\"https:\/\/www.tkqlhce.com\/click-101010291-15171094?url=https%3A%2F%2Fwww.karaca.com.de%2Fde%2Fmastermaid-power-essential-rosa-lebensmittelzubereitung-set-2000w-karaca&cjsku=8828443000833\" target=\"_blank\"><img decoding=\"async\" src=\"https:\/\/karaca-prod.s3-eu-west-1.amazonaws.com\/sys-master\/product\/he9\/h93\/9539592749086\" border=\"0\" alt=\"Karaca Mastermaid Power Essential Rosa Lebensmittelzubereitung Set 2000w\"\/><\/a><img loading=\"lazy\" decoding=\"async\" src=\"https:\/\/www.lduhtrp.net\/image-101010291-15171094\" width=\"1\" height=\"1\" border=\"0\"\/>\t\t\t\t<\/div>\n\t\t\t\t<\/div>\n\t\t\t\t\t<\/div>\n\t\t<\/div>\n\t\t\t\t<div class=\"elementor-column elementor-col-25 elementor-top-column elementor-element elementor-element-2a9e078\" data-id=\"2a9e078\" data-element_type=\"column\" data-e-type=\"column\">\n\t\t\t<div class=\"elementor-widget-wrap elementor-element-populated\">\n\t\t\t\t\t\t<div class=\"elementor-element elementor-element-14f7abb elementor-widget elementor-widget-html\" data-id=\"14f7abb\" data-element_type=\"widget\" data-e-type=\"widget\" data-widget_type=\"html.default\">\n\t\t\t\t<div class=\"elementor-widget-container\">\n\t\t\t\t\t<a href=\"https:\/\/www.kqzyfj.com\/click-101010291-15370737?url=https%3A%2F%2Fwww.karaca.co.uk%2Fbiodiamond-pro-nonstick-induction-cookware-set-7-piece-black-karaca&cjsku=8814788771841\" target=\"_top\"><img decoding=\"async\" src=\"https:\/\/karaca-prod.s3-eu-west-1.amazonaws.com\/sys-master\/product\/h30\/h7a\/9522520588318\" border=\"0\" alt=\"Karaca BioDiamond Pro Non-Stick Induction Cookware Set, 7 Piece, Black\"\/><\/a><img loading=\"lazy\" decoding=\"async\" src=\"https:\/\/www.tqlkg.com\/image-101010291-15370737\" width=\"1\" height=\"1\" border=\"0\"\/>\t\t\t\t<\/div>\n\t\t\t\t<\/div>\n\t\t\t\t\t<\/div>\n\t\t<\/div>\n\t\t\t\t<div class=\"elementor-column elementor-col-25 elementor-top-column elementor-element elementor-element-0f72726\" data-id=\"0f72726\" data-element_type=\"column\" data-e-type=\"column\">\n\t\t\t<div class=\"elementor-widget-wrap elementor-element-populated\">\n\t\t\t\t\t\t<div class=\"elementor-element elementor-element-a771ad7 elementor-widget elementor-widget-html\" data-id=\"a771ad7\" data-element_type=\"widget\" data-e-type=\"widget\" data-widget_type=\"html.default\">\n\t\t\t\t<div class=\"elementor-widget-container\">\n\t\t\t\t\t<a href=\"https:\/\/www.tkqlhce.com\/click-101010291-15171094?url=https%3A%2F%2Fwww.karaca.com.de%2Fde%2Ffuture-essential-toaster-matt-rot-1800-w-karaca&cjsku=8828444180481\" target=\"_top\"><img decoding=\"async\" src=\"https:\/\/karaca-prod.s3-eu-west-1.amazonaws.com\/sys-master\/product\/h73\/hab\/9547299684382\" border=\"0\" alt=\"Karaca Future Essential Toaster Matt Rot 1800 W\"\/><\/a><img loading=\"lazy\" decoding=\"async\" src=\"https:\/\/www.awltovhc.com\/image-101010291-15171094\" width=\"1\" height=\"1\" border=\"0\"\/>\t\t\t\t<\/div>\n\t\t\t\t<\/div>\n\t\t\t\t\t<\/div>\n\t\t<\/div>\n\t\t\t\t\t<\/div>\n\t\t<\/section>\n\t\t\t\t<section class=\"elementor-section elementor-top-section elementor-element elementor-element-2232fdc elementor-section-boxed elementor-section-height-default elementor-section-height-default\" data-id=\"2232fdc\" data-element_type=\"section\" data-e-type=\"section\">\n\t\t\t\t\t\t<div class=\"elementor-container elementor-column-gap-default\">\n\t\t\t\t\t<div class=\"elementor-column elementor-col-100 elementor-top-column elementor-element elementor-element-1d407f4\" data-id=\"1d407f4\" data-element_type=\"column\" data-e-type=\"column\">\n\t\t\t<div class=\"elementor-widget-wrap elementor-element-populated\">\n\t\t\t\t\t\t<div class=\"elementor-element elementor-element-0e89406 elementor-align-center elementor-widget elementor-widget-button\" data-id=\"0e89406\" data-element_type=\"widget\" data-e-type=\"widget\" data-widget_type=\"button.default\">\n\t\t\t\t<div class=\"elementor-widget-container\">\n\t\t\t\t\t\t\t\t\t<div class=\"elementor-button-wrapper\">\n\t\t\t\t\t<a class=\"elementor-button elementor-button-link elementor-size-xl\" href=\"https:\/\/www.mediterrolio.com\/it\/elegant-tastes\/\">\n\t\t\t\t\t\t<span class=\"elementor-button-content-wrapper\">\n\t\t\t\t\t\t\t\t\t<span class=\"elementor-button-text\">Torna alla homepage di Elegant Tastes<\/span>\n\t\t\t\t\t<\/span>\n\t\t\t\t\t<\/a>\n\t\t\t\t<\/div>\n\t\t\t\t\t\t\t\t<\/div>\n\t\t\t\t<\/div>\n\t\t\t\t\t<\/div>\n\t\t<\/div>\n\t\t\t\t\t<\/div>\n\t\t<\/section>\n\t\t\t\t<\/div>","protected":false},"excerpt":{"rendered":"<p>Cookware Cookware is an essential part of any kitchen. Whether you\u2019re an amateur cook or a professional chef, having the right cookware is essential for creating delicious meals. But with so many different types of cookware available, where do you start? One of the first decisions you must make is what type of material you [&hellip;]<\/p>\n","protected":false},"author":6,"featured_media":0,"parent":0,"menu_order":0,"comment_status":"closed","ping_status":"closed","template":"","meta":{"footnotes":""},"class_list":["post-8486","page","type-page","status-publish","hentry"],"yoast_head":"<!-- This site is optimized with the Yoast SEO plugin v27.6 - https:\/\/yoast.com\/product\/yoast-seo-wordpress\/ -->\n<title>Cookware - Mediterrolio<\/title>\n<meta name=\"robots\" content=\"index, follow, max-snippet:-1, max-image-preview:large, max-video-preview:-1\" \/>\n<link rel=\"canonical\" href=\"https:\/\/www.mediterrolio.com\/it\/cookware\/\" \/>\n<meta property=\"og:locale\" content=\"it_IT\" \/>\n<meta property=\"og:type\" content=\"article\" \/>\n<meta property=\"og:title\" content=\"Cookware - Mediterrolio\" \/>\n<meta property=\"og:description\" content=\"Cookware Cookware is an essential part of any kitchen. Whether you\u2019re an amateur cook or a professional chef, having the right cookware is essential for creating delicious meals. But with so many different types of cookware available, where do you start? One of the first decisions you must make is what type of material you [&hellip;]\" \/>\n<meta property=\"og:url\" content=\"https:\/\/www.mediterrolio.com\/it\/cookware\/\" \/>\n<meta property=\"og:site_name\" content=\"Mediterrolio\" \/>\n<meta property=\"article:modified_time\" content=\"2023-10-17T08:49:49+00:00\" \/>\n<meta property=\"og:image\" content=\"https:\/\/www.mediterrolio.com\/wp-content\/uploads\/2023\/10\/elegant-tastes-1024x160.jpg\" \/>\n<meta name=\"twitter:card\" content=\"summary_large_image\" \/>\n<meta name=\"twitter:label1\" content=\"Tempo di lettura stimato\" \/>\n\t<meta name=\"twitter:data1\" content=\"4 minuti\" \/>\n<script type=\"application\/ld+json\" class=\"yoast-schema-graph\">{\"@context\":\"https:\\\/\\\/schema.org\",\"@graph\":[{\"@type\":\"WebPage\",\"@id\":\"https:\\\/\\\/www.mediterrolio.com\\\/cookware\\\/\",\"url\":\"https:\\\/\\\/www.mediterrolio.com\\\/cookware\\\/\",\"name\":\"Cookware - Mediterrolio\",\"isPartOf\":{\"@id\":\"https:\\\/\\\/www.mediterrolio.com\\\/#website\"},\"primaryImageOfPage\":{\"@id\":\"https:\\\/\\\/www.mediterrolio.com\\\/cookware\\\/#primaryimage\"},\"image\":{\"@id\":\"https:\\\/\\\/www.mediterrolio.com\\\/cookware\\\/#primaryimage\"},\"thumbnailUrl\":\"https:\\\/\\\/www.mediterrolio.com\\\/wp-content\\\/uploads\\\/2023\\\/10\\\/elegant-tastes-1024x160.jpg\",\"datePublished\":\"2023-10-16T16:51:45+00:00\",\"dateModified\":\"2023-10-17T08:49:49+00:00\",\"breadcrumb\":{\"@id\":\"https:\\\/\\\/www.mediterrolio.com\\\/cookware\\\/#breadcrumb\"},\"inLanguage\":\"it-IT\",\"potentialAction\":[{\"@type\":\"ReadAction\",\"target\":[\"https:\\\/\\\/www.mediterrolio.com\\\/cookware\\\/\"]}]},{\"@type\":\"ImageObject\",\"inLanguage\":\"it-IT\",\"@id\":\"https:\\\/\\\/www.mediterrolio.com\\\/cookware\\\/#primaryimage\",\"url\":\"https:\\\/\\\/www.mediterrolio.com\\\/wp-content\\\/uploads\\\/2023\\\/10\\\/elegant-tastes-1024x160.jpg\",\"contentUrl\":\"https:\\\/\\\/www.mediterrolio.com\\\/wp-content\\\/uploads\\\/2023\\\/10\\\/elegant-tastes-1024x160.jpg\"},{\"@type\":\"BreadcrumbList\",\"@id\":\"https:\\\/\\\/www.mediterrolio.com\\\/cookware\\\/#breadcrumb\",\"itemListElement\":[{\"@type\":\"ListItem\",\"position\":1,\"name\":\"Home\",\"item\":\"https:\\\/\\\/www.mediterrolio.com\\\/\"},{\"@type\":\"ListItem\",\"position\":2,\"name\":\"Cookware\"}]},{\"@type\":\"WebSite\",\"@id\":\"https:\\\/\\\/www.mediterrolio.com\\\/#website\",\"url\":\"https:\\\/\\\/www.mediterrolio.com\\\/\",\"name\":\"Mediterrolio\",\"description\":\"Olive Oil Brands Network\",\"potentialAction\":[{\"@type\":\"SearchAction\",\"target\":{\"@type\":\"EntryPoint\",\"urlTemplate\":\"https:\\\/\\\/www.mediterrolio.com\\\/?s={search_term_string}\"},\"query-input\":{\"@type\":\"PropertyValueSpecification\",\"valueRequired\":true,\"valueName\":\"search_term_string\"}}],\"inLanguage\":\"it-IT\"}]}<\/script>\n<!-- \/ Yoast SEO plugin. -->","yoast_head_json":{"title":"Cookware - Mediterrolio","robots":{"index":"index","follow":"follow","max-snippet":"max-snippet:-1","max-image-preview":"max-image-preview:large","max-video-preview":"max-video-preview:-1"},"canonical":"https:\/\/www.mediterrolio.com\/it\/cookware\/","og_locale":"it_IT","og_type":"article","og_title":"Cookware - Mediterrolio","og_description":"Cookware Cookware is an essential part of any kitchen. Whether you\u2019re an amateur cook or a professional chef, having the right cookware is essential for creating delicious meals. But with so many different types of cookware available, where do you start? One of the first decisions you must make is what type of material you [&hellip;]","og_url":"https:\/\/www.mediterrolio.com\/it\/cookware\/","og_site_name":"Mediterrolio","article_modified_time":"2023-10-17T08:49:49+00:00","og_image":[{"url":"https:\/\/www.mediterrolio.com\/wp-content\/uploads\/2023\/10\/elegant-tastes-1024x160.jpg","type":"","width":"","height":""}],"twitter_card":"summary_large_image","twitter_misc":{"Tempo di lettura stimato":"4 minuti"},"schema":{"@context":"https:\/\/schema.org","@graph":[{"@type":"WebPage","@id":"https:\/\/www.mediterrolio.com\/cookware\/","url":"https:\/\/www.mediterrolio.com\/cookware\/","name":"Cookware - Mediterrolio","isPartOf":{"@id":"https:\/\/www.mediterrolio.com\/#website"},"primaryImageOfPage":{"@id":"https:\/\/www.mediterrolio.com\/cookware\/#primaryimage"},"image":{"@id":"https:\/\/www.mediterrolio.com\/cookware\/#primaryimage"},"thumbnailUrl":"https:\/\/www.mediterrolio.com\/wp-content\/uploads\/2023\/10\/elegant-tastes-1024x160.jpg","datePublished":"2023-10-16T16:51:45+00:00","dateModified":"2023-10-17T08:49:49+00:00","breadcrumb":{"@id":"https:\/\/www.mediterrolio.com\/cookware\/#breadcrumb"},"inLanguage":"it-IT","potentialAction":[{"@type":"ReadAction","target":["https:\/\/www.mediterrolio.com\/cookware\/"]}]},{"@type":"ImageObject","inLanguage":"it-IT","@id":"https:\/\/www.mediterrolio.com\/cookware\/#primaryimage","url":"https:\/\/www.mediterrolio.com\/wp-content\/uploads\/2023\/10\/elegant-tastes-1024x160.jpg","contentUrl":"https:\/\/www.mediterrolio.com\/wp-content\/uploads\/2023\/10\/elegant-tastes-1024x160.jpg"},{"@type":"BreadcrumbList","@id":"https:\/\/www.mediterrolio.com\/cookware\/#breadcrumb","itemListElement":[{"@type":"ListItem","position":1,"name":"Home","item":"https:\/\/www.mediterrolio.com\/"},{"@type":"ListItem","position":2,"name":"Cookware"}]},{"@type":"WebSite","@id":"https:\/\/www.mediterrolio.com\/#website","url":"https:\/\/www.mediterrolio.com\/","name":"Mediterrolio","description":"Rete dei marchi di olio d&#039;oliva","potentialAction":[{"@type":"SearchAction","target":{"@type":"EntryPoint","urlTemplate":"https:\/\/www.mediterrolio.com\/?s={search_term_string}"},"query-input":{"@type":"PropertyValueSpecification","valueRequired":true,"valueName":"search_term_string"}}],"inLanguage":"it-IT"}]}},"acf":[],"_links":{"self":[{"href":"https:\/\/www.mediterrolio.com\/it\/wp-json\/wp\/v2\/pages\/8486","targetHints":{"allow":["GET"]}}],"collection":[{"href":"https:\/\/www.mediterrolio.com\/it\/wp-json\/wp\/v2\/pages"}],"about":[{"href":"https:\/\/www.mediterrolio.com\/it\/wp-json\/wp\/v2\/types\/page"}],"author":[{"embeddable":true,"href":"https:\/\/www.mediterrolio.com\/it\/wp-json\/wp\/v2\/users\/6"}],"replies":[{"embeddable":true,"href":"https:\/\/www.mediterrolio.com\/it\/wp-json\/wp\/v2\/comments?post=8486"}],"version-history":[{"count":0,"href":"https:\/\/www.mediterrolio.com\/it\/wp-json\/wp\/v2\/pages\/8486\/revisions"}],"wp:attachment":[{"href":"https:\/\/www.mediterrolio.com\/it\/wp-json\/wp\/v2\/media?parent=8486"}],"curies":[{"name":"wp","href":"https:\/\/api.w.org\/{rel}","templated":true}]}}