{"id":5976,"date":"2023-03-10T15:31:53","date_gmt":"2023-03-10T13:31:53","guid":{"rendered":"https:\/\/www.mediterrolio.com\/?page_id=5976"},"modified":"2024-09-12T15:17:56","modified_gmt":"2024-09-12T12:17:56","slug":"advertise","status":"publish","type":"page","link":"https:\/\/www.mediterrolio.com\/it\/advertise\/","title":{"rendered":"Pubblicizza"},"content":{"rendered":"<div data-elementor-type=\"wp-page\" data-elementor-id=\"5976\" class=\"elementor elementor-5976\" data-elementor-post-type=\"page\">\n\t\t\t\t\t\t<section class=\"elementor-section elementor-top-section elementor-element elementor-element-e318aae elementor-section-boxed elementor-section-height-default elementor-section-height-default\" data-id=\"e318aae\" data-element_type=\"section\" data-e-type=\"section\">\n\t\t\t\t\t\t<div class=\"elementor-container elementor-column-gap-default\">\n\t\t\t\t\t<div class=\"elementor-column elementor-col-100 elementor-top-column elementor-element elementor-element-900357c\" data-id=\"900357c\" data-element_type=\"column\" data-e-type=\"column\">\n\t\t\t<div class=\"elementor-widget-wrap elementor-element-populated\">\n\t\t\t\t\t\t<div class=\"elementor-element elementor-element-de4e119 elementor-widget elementor-widget-image\" data-id=\"de4e119\" data-element_type=\"widget\" data-e-type=\"widget\" data-widget_type=\"image.default\">\n\t\t\t\t<div class=\"elementor-widget-container\">\n\t\t\t\t\t\t\t\t\t\t\t\t\t\t\t<img fetchpriority=\"high\" decoding=\"async\" width=\"1024\" height=\"160\" src=\"https:\/\/www.mediterrolio.com\/wp-content\/uploads\/2023\/11\/advertising-1024x160.jpg\" class=\"attachment-large size-large wp-image-8995\" alt=\"\" srcset=\"https:\/\/www.mediterrolio.com\/wp-content\/uploads\/2023\/11\/advertising-1024x160.jpg 1024w, https:\/\/www.mediterrolio.com\/wp-content\/uploads\/2023\/11\/advertising-600x94.jpg 600w, https:\/\/www.mediterrolio.com\/wp-content\/uploads\/2023\/11\/advertising-300x47.jpg 300w, https:\/\/www.mediterrolio.com\/wp-content\/uploads\/2023\/11\/advertising-768x120.jpg 768w, https:\/\/www.mediterrolio.com\/wp-content\/uploads\/2023\/11\/advertising-1536x240.jpg 1536w, https:\/\/www.mediterrolio.com\/wp-content\/uploads\/2023\/11\/advertising.jpg 1920w\" sizes=\"(max-width: 1024px) 100vw, 1024px\" \/>\t\t\t\t\t\t\t\t\t\t\t\t\t\t\t<\/div>\n\t\t\t\t<\/div>\n\t\t\t\t\t<\/div>\n\t\t<\/div>\n\t\t\t\t\t<\/div>\n\t\t<\/section>\n\t\t\t\t<section class=\"elementor-section elementor-top-section elementor-element elementor-element-35813a4 elementor-section-boxed elementor-section-height-default elementor-section-height-default\" data-id=\"35813a4\" data-element_type=\"section\" data-e-type=\"section\">\n\t\t\t\t\t\t<div class=\"elementor-container elementor-column-gap-default\">\n\t\t\t\t\t<div class=\"elementor-column elementor-col-100 elementor-top-column elementor-element elementor-element-039109d\" data-id=\"039109d\" data-element_type=\"column\" data-e-type=\"column\">\n\t\t\t<div class=\"elementor-widget-wrap elementor-element-populated\">\n\t\t\t\t\t\t<div class=\"elementor-element elementor-element-a3a49df elementor-widget elementor-widget-text-editor\" data-id=\"a3a49df\" data-element_type=\"widget\" data-e-type=\"widget\" data-widget_type=\"text-editor.default\">\n\t\t\t\t<div class=\"elementor-widget-container\">\n\t\t\t\t\t\t\t\t\t<p>Pubblicit\u00e0 con <strong>striscioni<\/strong> su Mediterrolio \u00e8 un ottimo modo per far notare il tuo marchio e raggiungere un vasto pubblico. Il sito Mediterrolio offre una gamma di dimensioni e posizionamenti dei banner, quindi <strong>puoi trovare il posto perfetto per il tuo annuncio.<\/strong><\/p><p>Che tu stia cercando di promuovere un prodotto, un servizio o anche un evento, i banner sono un modo efficace e accattivante per raggiungere il tuo pubblico target. Con la possibilit\u00e0 di personalizzare il tuo banner per adattarlo al tuo marchio, puoi assicurarti che la tua pubblicit\u00e0 si distingua e che il tuo messaggio venga recapitato alle persone giuste.<\/p><p>Mediterrolio <strong>team di professionisti esperti<\/strong> sono sempre disponibili per fornirti supporto durante l&#039;intero processo, dalla creazione del design perfetto all&#039;ottimizzazione del tuo annuncio per la massima visibilit\u00e0.<\/p><p>Quindi, se stai cercando di aumentare la notoriet\u00e0 del marchio e raggiungere un pubblico pi\u00f9 vasto, prendi in considerazione <strong>pubblicit\u00e0<\/strong> con banner su Mediterrolio.<\/p><p><strong>Di seguito puoi consultare il nostro listino prezzi:<\/strong><\/p>\t\t\t\t\t\t\t\t<\/div>\n\t\t\t\t<\/div>\n\t\t\t\t\t<\/div>\n\t\t<\/div>\n\t\t\t\t\t<\/div>\n\t\t<\/section>\n\t\t\t\t<section class=\"elementor-section elementor-top-section elementor-element elementor-element-55a512c elementor-section-boxed elementor-section-height-default elementor-section-height-default\" data-id=\"55a512c\" data-element_type=\"section\" data-e-type=\"section\">\n\t\t\t\t\t\t<div class=\"elementor-container elementor-column-gap-default\">\n\t\t\t\t\t<div class=\"elementor-column elementor-col-100 elementor-top-column elementor-element elementor-element-5f15606\" data-id=\"5f15606\" data-element_type=\"column\" data-e-type=\"column\">\n\t\t\t<div class=\"elementor-widget-wrap elementor-element-populated\">\n\t\t\t\t\t\t<div class=\"elementor-element elementor-element-3146267 elementor-widget elementor-widget-image\" data-id=\"3146267\" data-element_type=\"widget\" data-e-type=\"widget\" data-widget_type=\"image.default\">\n\t\t\t\t<div class=\"elementor-widget-container\">\n\t\t\t\t\t\t\t\t\t\t\t\t\t\t\t<img decoding=\"async\" width=\"724\" height=\"1024\" src=\"https:\/\/www.mediterrolio.com\/wp-content\/uploads\/2024\/09\/BANNERS-2025-724x1024.png\" class=\"attachment-large size-large wp-image-11684\" alt=\"\" srcset=\"https:\/\/www.mediterrolio.com\/wp-content\/uploads\/2024\/09\/BANNERS-2025-724x1024.png 724w, https:\/\/www.mediterrolio.com\/wp-content\/uploads\/2024\/09\/BANNERS-2025-600x849.png 600w, https:\/\/www.mediterrolio.com\/wp-content\/uploads\/2024\/09\/BANNERS-2025-212x300.png 212w, https:\/\/www.mediterrolio.com\/wp-content\/uploads\/2024\/09\/BANNERS-2025-768x1086.png 768w, https:\/\/www.mediterrolio.com\/wp-content\/uploads\/2024\/09\/BANNERS-2025-1086x1536.png 1086w, https:\/\/www.mediterrolio.com\/wp-content\/uploads\/2024\/09\/BANNERS-2025-8x12.png 8w, https:\/\/www.mediterrolio.com\/wp-content\/uploads\/2024\/09\/BANNERS-2025.png 1414w\" sizes=\"(max-width: 724px) 100vw, 724px\" \/>\t\t\t\t\t\t\t\t\t\t\t\t\t\t\t<\/div>\n\t\t\t\t<\/div>\n\t\t\t\t\t<\/div>\n\t\t<\/div>\n\t\t\t\t\t<\/div>\n\t\t<\/section>\n\t\t\t\t<section class=\"elementor-section elementor-top-section elementor-element elementor-element-44b8692 elementor-section-content-middle elementor-section-boxed elementor-section-height-default elementor-section-height-default\" data-id=\"44b8692\" data-element_type=\"section\" data-e-type=\"section\">\n\t\t\t\t\t\t<div class=\"elementor-container elementor-column-gap-default\">\n\t\t\t\t\t<div class=\"elementor-column elementor-col-100 elementor-top-column elementor-element elementor-element-1ad03aa\" data-id=\"1ad03aa\" data-element_type=\"column\" data-e-type=\"column\">\n\t\t\t<div class=\"elementor-widget-wrap elementor-element-populated\">\n\t\t\t\t\t\t<div class=\"elementor-element elementor-element-365a0d4 elementor-widget elementor-widget-heading\" data-id=\"365a0d4\" data-element_type=\"widget\" data-e-type=\"widget\" data-widget_type=\"heading.default\">\n\t\t\t\t<div class=\"elementor-widget-container\">\n\t\t\t\t\t<h3 class=\"elementor-heading-title elementor-size-default\">Se hai bisogno di maggiori informazioni non esitare a contattarci!<\/h3>\t\t\t\t<\/div>\n\t\t\t\t<\/div>\n\t\t\t\t<div class=\"elementor-element elementor-element-fde05b4 elementor-align-center elementor-widget elementor-widget-button\" data-id=\"fde05b4\" data-element_type=\"widget\" data-e-type=\"widget\" data-widget_type=\"button.default\">\n\t\t\t\t<div class=\"elementor-widget-container\">\n\t\t\t\t\t\t\t\t\t<div class=\"elementor-button-wrapper\">\n\t\t\t\t\t<a class=\"elementor-button elementor-button-link elementor-size-sm\" href=\"https:\/\/www.mediterrolio.com\/it\/contact\/\">\n\t\t\t\t\t\t<span class=\"elementor-button-content-wrapper\">\n\t\t\t\t\t\t<span class=\"elementor-button-icon\">\n\t\t\t\t<i aria-hidden=\"true\" class=\"far fa-envelope\"><\/i>\t\t\t<\/span>\n\t\t\t\t\t\t\t\t\t<span class=\"elementor-button-text\">Contatto<\/span>\n\t\t\t\t\t<\/span>\n\t\t\t\t\t<\/a>\n\t\t\t\t<\/div>\n\t\t\t\t\t\t\t\t<\/div>\n\t\t\t\t<\/div>\n\t\t\t\t\t<\/div>\n\t\t<\/div>\n\t\t\t\t\t<\/div>\n\t\t<\/section>\n\t\t\t\t<section class=\"elementor-section elementor-top-section elementor-element elementor-element-8458262 elementor-section-boxed elementor-section-height-default elementor-section-height-default\" data-id=\"8458262\" data-element_type=\"section\" data-e-type=\"section\">\n\t\t\t\t\t\t<div class=\"elementor-container elementor-column-gap-default\">\n\t\t\t\t\t<div class=\"elementor-column elementor-col-100 elementor-top-column elementor-element elementor-element-52dca9b\" data-id=\"52dca9b\" data-element_type=\"column\" data-e-type=\"column\">\n\t\t\t<div class=\"elementor-widget-wrap elementor-element-populated\">\n\t\t\t\t\t\t<div class=\"elementor-element elementor-element-dcd1ee0 elementor-widget elementor-widget-spacer\" data-id=\"dcd1ee0\" data-element_type=\"widget\" data-e-type=\"widget\" data-widget_type=\"spacer.default\">\n\t\t\t\t<div class=\"elementor-widget-container\">\n\t\t\t\t\t\t\t<div class=\"elementor-spacer\">\n\t\t\t<div class=\"elementor-spacer-inner\"><\/div>\n\t\t<\/div>\n\t\t\t\t\t\t<\/div>\n\t\t\t\t<\/div>\n\t\t\t\t\t<\/div>\n\t\t<\/div>\n\t\t\t\t\t<\/div>\n\t\t<\/section>\n\t\t\t\t<\/div>","protected":false},"excerpt":{"rendered":"<p>Advertising with banners on Mediterrolio is a great way to get your brand noticed and reach a wide audience. The Mediterrolio site offers a range of banner sizes and placements, so you can find the perfect spot for your ad. Whether you&#8217;re looking to promote a product, service, or even an event, banners are an [&hellip;]<\/p>\n","protected":false},"author":7,"featured_media":0,"parent":0,"menu_order":0,"comment_status":"closed","ping_status":"closed","template":"","meta":{"footnotes":""},"class_list":["post-5976","page","type-page","status-publish","hentry"],"yoast_head":"<!-- This site is optimized with the Yoast SEO plugin v27.3 - https:\/\/yoast.com\/product\/yoast-seo-wordpress\/ -->\n<title>Advertise - Mediterrolio<\/title>\n<meta name=\"description\" content=\"Advertise your services on Mediterrolio for free or buy a banner spot with more visibility. Advertise to countless of olive oil related b...\" \/>\n<meta name=\"robots\" content=\"index, follow, max-snippet:-1, max-image-preview:large, max-video-preview:-1\" \/>\n<link rel=\"canonical\" href=\"https:\/\/www.mediterrolio.com\/it\/advertise\/\" \/>\n<meta property=\"og:locale\" content=\"it_IT\" \/>\n<meta property=\"og:type\" content=\"article\" \/>\n<meta property=\"og:title\" content=\"Advertise - Mediterrolio\" \/>\n<meta property=\"og:description\" content=\"Advertise your services on Mediterrolio for free or buy a banner spot with more visibility. Advertise to countless of olive oil related b...\" \/>\n<meta property=\"og:url\" content=\"https:\/\/www.mediterrolio.com\/it\/advertise\/\" \/>\n<meta property=\"og:site_name\" content=\"Mediterrolio\" \/>\n<meta property=\"article:modified_time\" content=\"2024-09-12T12:17:56+00:00\" \/>\n<meta property=\"og:image\" content=\"https:\/\/www.mediterrolio.com\/wp-content\/uploads\/2023\/11\/advertising-1024x160.jpg\" \/>\n<meta name=\"twitter:card\" content=\"summary_large_image\" \/>\n<meta name=\"twitter:label1\" content=\"Tempo di lettura stimato\" \/>\n\t<meta name=\"twitter:data1\" content=\"2 minuti\" \/>\n<script type=\"application\/ld+json\" class=\"yoast-schema-graph\">{\"@context\":\"https:\\\/\\\/schema.org\",\"@graph\":[{\"@type\":\"WebPage\",\"@id\":\"https:\\\/\\\/www.mediterrolio.com\\\/advertise\\\/\",\"url\":\"https:\\\/\\\/www.mediterrolio.com\\\/advertise\\\/\",\"name\":\"Advertise - Mediterrolio\",\"isPartOf\":{\"@id\":\"https:\\\/\\\/www.mediterrolio.com\\\/#website\"},\"primaryImageOfPage\":{\"@id\":\"https:\\\/\\\/www.mediterrolio.com\\\/advertise\\\/#primaryimage\"},\"image\":{\"@id\":\"https:\\\/\\\/www.mediterrolio.com\\\/advertise\\\/#primaryimage\"},\"thumbnailUrl\":\"https:\\\/\\\/www.mediterrolio.com\\\/wp-content\\\/uploads\\\/2023\\\/11\\\/advertising-1024x160.jpg\",\"datePublished\":\"2023-03-10T13:31:53+00:00\",\"dateModified\":\"2024-09-12T12:17:56+00:00\",\"description\":\"Advertise your services on Mediterrolio for free or buy a banner spot with more visibility. Advertise to countless of olive oil related b...\",\"breadcrumb\":{\"@id\":\"https:\\\/\\\/www.mediterrolio.com\\\/advertise\\\/#breadcrumb\"},\"inLanguage\":\"it-IT\",\"potentialAction\":[{\"@type\":\"ReadAction\",\"target\":[\"https:\\\/\\\/www.mediterrolio.com\\\/advertise\\\/\"]}]},{\"@type\":\"ImageObject\",\"inLanguage\":\"it-IT\",\"@id\":\"https:\\\/\\\/www.mediterrolio.com\\\/advertise\\\/#primaryimage\",\"url\":\"https:\\\/\\\/www.mediterrolio.com\\\/wp-content\\\/uploads\\\/2023\\\/11\\\/advertising-1024x160.jpg\",\"contentUrl\":\"https:\\\/\\\/www.mediterrolio.com\\\/wp-content\\\/uploads\\\/2023\\\/11\\\/advertising-1024x160.jpg\"},{\"@type\":\"BreadcrumbList\",\"@id\":\"https:\\\/\\\/www.mediterrolio.com\\\/advertise\\\/#breadcrumb\",\"itemListElement\":[{\"@type\":\"ListItem\",\"position\":1,\"name\":\"Home\",\"item\":\"https:\\\/\\\/www.mediterrolio.com\\\/\"},{\"@type\":\"ListItem\",\"position\":2,\"name\":\"Advertise\"}]},{\"@type\":\"WebSite\",\"@id\":\"https:\\\/\\\/www.mediterrolio.com\\\/#website\",\"url\":\"https:\\\/\\\/www.mediterrolio.com\\\/\",\"name\":\"Mediterrolio\",\"description\":\"Olive Oil Brands Network\",\"potentialAction\":[{\"@type\":\"SearchAction\",\"target\":{\"@type\":\"EntryPoint\",\"urlTemplate\":\"https:\\\/\\\/www.mediterrolio.com\\\/?s={search_term_string}\"},\"query-input\":{\"@type\":\"PropertyValueSpecification\",\"valueRequired\":true,\"valueName\":\"search_term_string\"}}],\"inLanguage\":\"it-IT\"}]}<\/script>\n<!-- \/ Yoast SEO plugin. -->","yoast_head_json":{"title":"Advertise - Mediterrolio","description":"Advertise your services on Mediterrolio for free or buy a banner spot with more visibility. Advertise to countless of olive oil related b...","robots":{"index":"index","follow":"follow","max-snippet":"max-snippet:-1","max-image-preview":"max-image-preview:large","max-video-preview":"max-video-preview:-1"},"canonical":"https:\/\/www.mediterrolio.com\/it\/advertise\/","og_locale":"it_IT","og_type":"article","og_title":"Advertise - Mediterrolio","og_description":"Advertise your services on Mediterrolio for free or buy a banner spot with more visibility. Advertise to countless of olive oil related b...","og_url":"https:\/\/www.mediterrolio.com\/it\/advertise\/","og_site_name":"Mediterrolio","article_modified_time":"2024-09-12T12:17:56+00:00","og_image":[{"url":"https:\/\/www.mediterrolio.com\/wp-content\/uploads\/2023\/11\/advertising-1024x160.jpg","type":"","width":"","height":""}],"twitter_card":"summary_large_image","twitter_misc":{"Tempo di lettura stimato":"2 minuti"},"schema":{"@context":"https:\/\/schema.org","@graph":[{"@type":"WebPage","@id":"https:\/\/www.mediterrolio.com\/advertise\/","url":"https:\/\/www.mediterrolio.com\/advertise\/","name":"Advertise - Mediterrolio","isPartOf":{"@id":"https:\/\/www.mediterrolio.com\/#website"},"primaryImageOfPage":{"@id":"https:\/\/www.mediterrolio.com\/advertise\/#primaryimage"},"image":{"@id":"https:\/\/www.mediterrolio.com\/advertise\/#primaryimage"},"thumbnailUrl":"https:\/\/www.mediterrolio.com\/wp-content\/uploads\/2023\/11\/advertising-1024x160.jpg","datePublished":"2023-03-10T13:31:53+00:00","dateModified":"2024-09-12T12:17:56+00:00","description":"Advertise your services on Mediterrolio for free or buy a banner spot with more visibility. Advertise to countless of olive oil related b...","breadcrumb":{"@id":"https:\/\/www.mediterrolio.com\/advertise\/#breadcrumb"},"inLanguage":"it-IT","potentialAction":[{"@type":"ReadAction","target":["https:\/\/www.mediterrolio.com\/advertise\/"]}]},{"@type":"ImageObject","inLanguage":"it-IT","@id":"https:\/\/www.mediterrolio.com\/advertise\/#primaryimage","url":"https:\/\/www.mediterrolio.com\/wp-content\/uploads\/2023\/11\/advertising-1024x160.jpg","contentUrl":"https:\/\/www.mediterrolio.com\/wp-content\/uploads\/2023\/11\/advertising-1024x160.jpg"},{"@type":"BreadcrumbList","@id":"https:\/\/www.mediterrolio.com\/advertise\/#breadcrumb","itemListElement":[{"@type":"ListItem","position":1,"name":"Home","item":"https:\/\/www.mediterrolio.com\/"},{"@type":"ListItem","position":2,"name":"Advertise"}]},{"@type":"WebSite","@id":"https:\/\/www.mediterrolio.com\/#website","url":"https:\/\/www.mediterrolio.com\/","name":"Mediterrolio","description":"Rete dei marchi di olio d&#039;oliva","potentialAction":[{"@type":"SearchAction","target":{"@type":"EntryPoint","urlTemplate":"https:\/\/www.mediterrolio.com\/?s={search_term_string}"},"query-input":{"@type":"PropertyValueSpecification","valueRequired":true,"valueName":"search_term_string"}}],"inLanguage":"it-IT"}]}},"acf":[],"_links":{"self":[{"href":"https:\/\/www.mediterrolio.com\/it\/wp-json\/wp\/v2\/pages\/5976","targetHints":{"allow":["GET"]}}],"collection":[{"href":"https:\/\/www.mediterrolio.com\/it\/wp-json\/wp\/v2\/pages"}],"about":[{"href":"https:\/\/www.mediterrolio.com\/it\/wp-json\/wp\/v2\/types\/page"}],"author":[{"embeddable":true,"href":"https:\/\/www.mediterrolio.com\/it\/wp-json\/wp\/v2\/users\/7"}],"replies":[{"embeddable":true,"href":"https:\/\/www.mediterrolio.com\/it\/wp-json\/wp\/v2\/comments?post=5976"}],"version-history":[{"count":0,"href":"https:\/\/www.mediterrolio.com\/it\/wp-json\/wp\/v2\/pages\/5976\/revisions"}],"wp:attachment":[{"href":"https:\/\/www.mediterrolio.com\/it\/wp-json\/wp\/v2\/media?parent=5976"}],"curies":[{"name":"wp","href":"https:\/\/api.w.org\/{rel}","templated":true}]}}